{"id":3867,"date":"2025-11-27T19:38:36","date_gmt":"2025-11-27T19:38:36","guid":{"rendered":"https:\/\/quilombos.historiatlantica.org\/?page_id=3867"},"modified":"2025-11-27T20:03:28","modified_gmt":"2025-11-27T20:03:28","slug":"digitalizacao","status":"publish","type":"page","link":"https:\/\/quilombos.historiatlantica.org\/?page_id=3867","title":{"rendered":"Digitaliza\u00e7\u00e3o"},"content":{"rendered":"\t\t<div data-elementor-type=\"wp-page\" data-elementor-id=\"3867\" class=\"elementor elementor-3867\" data-elementor-post-type=\"page\">\n\t\t\t\t<div data-particle_enable=\"false\" data-particle-mobile-disabled=\"false\" class=\"elementor-element elementor-element-dcfb448 e-con-full e-flex e-con e-parent\" data-id=\"dcfb448\" data-element_type=\"container\" data-e-type=\"container\" data-settings=\"{&quot;background_background&quot;:&quot;classic&quot;}\">\n\t\t<div data-particle_enable=\"false\" data-particle-mobile-disabled=\"false\" class=\"elementor-element elementor-element-d21b7e0 e-flex e-con-boxed e-con e-child\" data-id=\"d21b7e0\" data-element_type=\"container\" data-e-type=\"container\">\n\t\t\t\t\t<div class=\"e-con-inner\">\n\t\t\t\t<div class=\"elementor-element elementor-element-a1996c4 elementor-widget elementor-widget-heading\" data-id=\"a1996c4\" data-element_type=\"widget\" data-e-type=\"widget\" data-widget_type=\"heading.default\">\n\t\t\t\t<div class=\"elementor-widget-container\">\n\t\t\t\t\t<h2 class=\"elementor-heading-title elementor-size-default\">Digitaliza\u00e7\u00e3o<\/h2>\t\t\t\t<\/div>\n\t\t\t\t<\/div>\n\t\t\t\t\t<\/div>\n\t\t\t\t<\/div>\n\t\t\t\t<\/div>\n\t\t<div data-particle_enable=\"false\" data-particle-mobile-disabled=\"false\" class=\"elementor-element elementor-element-9233d44 e-flex e-con-boxed e-con e-parent\" data-id=\"9233d44\" data-element_type=\"container\" data-e-type=\"container\">\n\t\t\t\t\t<div class=\"e-con-inner\">\n\t\t<div data-particle_enable=\"false\" data-particle-mobile-disabled=\"false\" class=\"elementor-element elementor-element-4780656 e-con-full e-flex e-con e-child\" data-id=\"4780656\" data-element_type=\"container\" data-e-type=\"container\">\n\t\t\t\t<div class=\"elementor-element elementor-element-8908832 elementor-widget elementor-widget-text-editor\" data-id=\"8908832\" data-element_type=\"widget\" data-e-type=\"widget\" data-widget_type=\"text-editor.default\">\n\t\t\t\t<div class=\"elementor-widget-container\">\n\t\t\t\t\t\t\t\t\t<p>As fontes dos seguintes arquivos ser\u00e3o digitalizadas.<\/p>\n<ul class=\"ng-star-inserted\">\n<li class=\"ng-star-inserted\">\n<p class=\"ng-star-inserted\"><strong class=\"ng-star-inserted\"><span class=\"ng-star-inserted\">Arquivo P\u00fablico do Estado do Maranh\u00e3o (APEM)<\/span><\/strong><\/p>\n<\/li>\n<li class=\"ng-star-inserted\">\n<p class=\"ng-star-inserted\"><strong class=\"ng-star-inserted\"><span class=\"ng-star-inserted\">Arquivo P\u00fablico do Estado do Par\u00e1 (APEP)<\/span><\/strong><\/p>\n<\/li>\n<li class=\"ng-star-inserted\">\n<p class=\"ng-star-inserted\"><strong class=\"ng-star-inserted\"><span class=\"ng-star-inserted\">Arquivo do Estado de S\u00e3o Paulo (AESP)<\/span><\/strong><\/p>\n<\/li>\n<li class=\"ng-star-inserted\">\n<p class=\"ng-star-inserted\"><strong class=\"ng-star-inserted\" style=\"font-style: inherit;\"><span class=\"ng-star-inserted\">Arquivo P\u00fablico do Estado do Rio Grande do Sul (APERS)<\/span><\/strong><\/p>\n<\/li>\n<li class=\"ng-star-inserted\">\n<p class=\"ng-star-inserted\"><strong class=\"ng-star-inserted\" style=\"font-style: inherit;\"><span class=\"ng-star-inserted\">Arquivo P\u00fablico do Estado de Sergipe (APES)<\/span><\/strong><\/p>\n<\/li>\n<li class=\"ng-star-inserted\">\n<p class=\"ng-star-inserted\"><strong class=\"ng-star-inserted\"><span class=\"ng-star-inserted\">Arquivo Hist\u00f3rico do Itamaraty<\/span><\/strong><\/p>\n<\/li>\n<li class=\"ng-star-inserted\">\n<p class=\"ng-star-inserted\"><strong class=\"ng-star-inserted\" style=\"font-style: inherit;\"><span class=\"ng-star-inserted\">Funda\u00e7\u00e3o Biblioteca Nacional \u2013 Divis\u00e3o de Manuscritos<\/span><\/strong><\/p>\n<\/li>\n<li class=\"ng-star-inserted\">\n<p class=\"ng-star-inserted\"><strong class=\"ng-star-inserted\"><span class=\"ng-star-inserted\">Arquivo P\u00fablico do Estado do Esp\u00edrito Santo (APEES)<\/span><\/strong><\/p>\n<\/li>\n<li class=\"ng-star-inserted\">\n<p class=\"ng-star-inserted\"><strong class=\"ng-star-inserted\"><span class=\"ng-star-inserted\">Arquivo P\u00fablico do Estado do Piau\u00ed (APPI)<\/span><\/strong><\/p>\n<\/li>\n<\/ul>\t\t\t\t\t\t\t\t<\/div>\n\t\t\t\t<\/div>\n\t\t\t\t<div class=\"elementor-element elementor-element-496991d elementor-widget elementor-widget-text-editor\" data-id=\"496991d\" data-element_type=\"widget\" data-e-type=\"widget\" data-widget_type=\"text-editor.default\">\n\t\t\t\t<div class=\"elementor-widget-container\">\n\t\t\t\t\t\t\t\t\t<blockquote class=\"ng-star-inserted\"><p class=\"ng-star-inserted\"><em><span class=\"ng-star-inserted\">ARQUIVO P\u00daBLICO DO ESTADO DE S\u00c3O PAULO.\u00a0<\/span><strong class=\"ng-star-inserted\"><span class=\"ng-star-inserted\">Quilombo em Bragan\u00e7a<\/span><\/strong><span class=\"ng-star-inserted\">. 1887. Ordem 2680, Caixa 245.<\/span><\/em><\/p><\/blockquote><hr class=\"ng-star-inserted\" \/>\t\t\t\t\t\t\t\t<\/div>\n\t\t\t\t<\/div>\n\t\t\t\t<\/div>\n\t\t\t\t\t<\/div>\n\t\t\t\t<\/div>\n\t\t<div data-particle_enable=\"false\" data-particle-mobile-disabled=\"false\" class=\"elementor-element elementor-element-0053b57 e-flex e-con-boxed e-con e-parent\" data-id=\"0053b57\" data-element_type=\"container\" data-e-type=\"container\">\n\t\t\t\t\t<div class=\"e-con-inner\">\n\t\t\t\t<div class=\"elementor-element elementor-element-ce70488 elementor-widget elementor-widget-bae-pdf-embedder\" data-id=\"ce70488\" data-element_type=\"widget\" data-e-type=\"widget\" data-widget_type=\"bae-pdf-embedder.default\">\n\t\t\t\t<div class=\"elementor-widget-container\">\n\t\t\t\t\t      <div class=\"my-PDF bae-pdf\">\n\t\t<iframe src=\"https:\/\/docs.google.com\/gview?embedded=true&#038;url=https:\/\/quilombos.historiatlantica.org\/wp-content\/uploads\/2025\/11\/DSCN0055.pdf?download=false&#038;embedded=true&amp;embedded=true\"  allowfullscreen>\n\t\t<\/iframe>\n\t<\/div>\n\t\t\t\t\t<\/div>\n\t\t\t\t<\/div>\n\t\t<div data-particle_enable=\"false\" data-particle-mobile-disabled=\"false\" class=\"elementor-element elementor-element-3222e27 e-con-full e-flex e-con e-child\" data-id=\"3222e27\" data-element_type=\"container\" data-e-type=\"container\">\n\t\t\t\t<div class=\"elementor-element elementor-element-7ba6599 elementor-widget elementor-widget-text-editor\" data-id=\"7ba6599\" data-element_type=\"widget\" data-e-type=\"widget\" data-widget_type=\"text-editor.default\">\n\t\t\t\t<div class=\"elementor-widget-container\">\n\t\t\t\t\t\t\t\t\t<blockquote class=\"ng-star-inserted\"><p class=\"ng-star-inserted\"><em><span class=\"ng-star-inserted\">ARQUIVO P\u00daBLICO DO ESTADO DE S\u00c3O PAULO.\u00a0<\/span><strong class=\"ng-star-inserted\"><span class=\"ng-star-inserted\">Quilombo em Botucatu<\/span><\/strong><span class=\"ng-star-inserted\">. 1887. Ordem 2680, Caixa 245.<\/span><\/em><\/p><\/blockquote><hr class=\"ng-star-inserted\" \/>\t\t\t\t\t\t\t\t<\/div>\n\t\t\t\t<\/div>\n\t\t\t\t<div class=\"elementor-element elementor-element-4ea7d9e elementor-widget elementor-widget-bae-pdf-embedder\" data-id=\"4ea7d9e\" data-element_type=\"widget\" data-e-type=\"widget\" data-widget_type=\"bae-pdf-embedder.default\">\n\t\t\t\t<div class=\"elementor-widget-container\">\n\t\t\t\t\t      <div class=\"my-PDF bae-pdf\">\n\t\t<iframe src=\"https:\/\/docs.google.com\/gview?embedded=true&#038;url=https:\/\/quilombos.historiatlantica.org\/wp-content\/uploads\/2025\/11\/DSCN0058.pdf?download=false&#038;embedded=true&amp;embedded=true\"  allowfullscreen>\n\t\t<\/iframe>\n\t<\/div>\n\t\t\t\t\t<\/div>\n\t\t\t\t<\/div>\n\t\t\t\t<div class=\"elementor-element elementor-element-f0fd49a elementor-widget elementor-widget-text-editor\" data-id=\"f0fd49a\" data-element_type=\"widget\" data-e-type=\"widget\" data-widget_type=\"text-editor.default\">\n\t\t\t\t<div class=\"elementor-widget-container\">\n\t\t\t\t\t\t\t\t\t<blockquote class=\"ng-star-inserted\"><p class=\"ng-star-inserted\"><em><span class=\"ng-star-inserted\">ARQUIVO P\u00daBLICO DO ESTADO DE S\u00c3O PAULO.\u00a0<\/span><strong class=\"ng-star-inserted\"><span class=\"ng-star-inserted\">Quilombo em Iguape<\/span><\/strong><span class=\"ng-star-inserted\">. 1887. Ordem 2680, Caixa 245.<\/span><\/em><\/p><\/blockquote><hr class=\"ng-star-inserted\" \/>\t\t\t\t\t\t\t\t<\/div>\n\t\t\t\t<\/div>\n\t\t\t\t<div class=\"elementor-element elementor-element-7294be7 elementor-widget-divider--separator-type-pattern elementor-widget-divider--view-line elementor-widget elementor-widget-divider\" data-id=\"7294be7\" data-element_type=\"widget\" data-e-type=\"widget\" data-widget_type=\"divider.default\">\n\t\t\t\t<div class=\"elementor-widget-container\">\n\t\t\t\t\t\t\t<div class=\"elementor-divider\" style=\"--divider-pattern-url: url(&quot;data:image\/svg+xml,%3Csvg xmlns=&#039;http:\/\/www.w3.org\/2000\/svg&#039; preserveAspectRatio=&#039;none&#039; overflow=&#039;visible&#039; height=&#039;100%&#039; viewBox=&#039;0 0 20 16&#039; fill=&#039;none&#039; stroke=&#039;black&#039; stroke-width=&#039;1&#039; stroke-linecap=&#039;square&#039; stroke-miterlimit=&#039;10&#039;%3E%3Cg transform=&#039;translate(-12.000000, 0)&#039;%3E%3Cpath d=&#039;M28,0L10,18&#039;\/%3E%3Cpath d=&#039;M18,0L0,18&#039;\/%3E%3Cpath d=&#039;M48,0L30,18&#039;\/%3E%3Cpath d=&#039;M38,0L20,18&#039;\/%3E%3C\/g%3E%3C\/svg%3E&quot;);\">\n\t\t\t<span class=\"elementor-divider-separator\">\n\t\t\t\t\t\t<\/span>\n\t\t<\/div>\n\t\t\t\t\t\t<\/div>\n\t\t\t\t<\/div>\n\t\t\t\t<div class=\"elementor-element elementor-element-d5cca10 elementor-widget elementor-widget-bae-pdf-embedder\" data-id=\"d5cca10\" data-element_type=\"widget\" data-e-type=\"widget\" data-widget_type=\"bae-pdf-embedder.default\">\n\t\t\t\t<div class=\"elementor-widget-container\">\n\t\t\t\t\t      <div class=\"my-PDF bae-pdf\">\n\t\t<iframe src=\"https:\/\/docs.google.com\/gview?embedded=true&#038;url=https:\/\/quilombos.historiatlantica.org\/wp-content\/uploads\/2025\/11\/DSCN0062.pdf?download=false&#038;embedded=true&amp;embedded=true\"  allowfullscreen>\n\t\t<\/iframe>\n\t<\/div>\n\t\t\t\t\t<\/div>\n\t\t\t\t<\/div>\n\t\t\t\t<\/div>\n\t\t\t\t\t<\/div>\n\t\t\t\t<\/div>\n\t\t<div data-particle_enable=\"false\" data-particle-mobile-disabled=\"false\" class=\"elementor-element elementor-element-b886c4c e-flex e-con-boxed e-con e-parent\" data-id=\"b886c4c\" data-element_type=\"container\" data-e-type=\"container\">\n\t\t\t\t\t<div class=\"e-con-inner\">\n\t\t\t\t<div class=\"elementor-element elementor-element-b36041a elementor-widget elementor-widget-spacer\" data-id=\"b36041a\" data-element_type=\"widget\" data-e-type=\"widget\" data-widget_type=\"spacer.default\">\n\t\t\t\t<div class=\"elementor-widget-container\">\n\t\t\t\t\t\t\t<div class=\"elementor-spacer\">\n\t\t\t<div class=\"elementor-spacer-inner\"><\/div>\n\t\t<\/div>\n\t\t\t\t\t\t<\/div>\n\t\t\t\t<\/div>\n\t\t\t\t\t<\/div>\n\t\t\t\t<\/div>\n\t\t\t\t<\/div>\n\t\t\n    <div class=\"xs_social_share_widget xs_share_url after_content \t\tmain_content  wslu-style-1 wslu-share-box-shaped wslu-fill-colored wslu-none wslu-share-horizontal wslu-theme-font-no wslu-main_content\">\n\n\t\t\n        <ul>\n\t\t\t        <\/ul>\n    <\/div> \n","protected":false},"excerpt":{"rendered":"<p>Digitaliza\u00e7\u00e3o As fontes dos seguintes arquivos ser\u00e3o digitalizadas. Arquivo P\u00fablico do Estado do Maranh\u00e3o (APEM) Arquivo P\u00fablico do Estado do Par\u00e1 (APEP) Arquivo do Estado de S\u00e3o Paulo (AESP) Arquivo P\u00fablico do Estado do Rio Grande do Sul (APERS) Arquivo P\u00fablico do Estado de Sergipe (APES) Arquivo Hist\u00f3rico do Itamaraty Funda\u00e7\u00e3o Biblioteca Nacional \u2013 Divis\u00e3o [&hellip;]<\/p>\n","protected":false},"author":1,"featured_media":0,"parent":0,"menu_order":0,"comment_status":"closed","ping_status":"closed","template":"","meta":{"postBodyCss":"","postBodyMargin":[],"postBodyPadding":[],"postBodyBackground":{"backgroundType":"classic","gradient":""},"site-sidebar-layout":"no-sidebar","site-content-layout":"page-builder","ast-site-content-layout":"default","site-content-style":"default","site-sidebar-style":"default","ast-global-header-display":"","ast-banner-title-visibility":"","ast-main-header-display":"","ast-hfb-above-header-display":"","ast-hfb-below-header-display":"","ast-hfb-mobile-header-display":"","site-post-title":"disabled","ast-breadcrumbs-content":"","ast-featured-img":"disabled","footer-sml-layout":"","ast-disable-related-posts":"","theme-transparent-header-meta":"enabled","adv-header-id-meta":"","stick-header-meta":"","header-above-stick-meta":"","header-main-stick-meta":"","header-below-stick-meta":"","astra-migrate-meta-layouts":"default","ast-page-background-enabled":"default","ast-page-background-meta":{"desktop":{"background-color":"var(--ast-global-color-4)","background-image":"","background-repeat":"repeat","background-position":"center center","background-size":"auto","background-attachment":"scroll","background-type":"","background-media":"","overlay-type":"","overlay-color":"","overlay-opacity":"","overlay-gradient":""},"tablet":{"background-color":"","background-image":"","background-repeat":"repeat","background-position":"center center","background-size":"auto","background-attachment":"scroll","background-type":"","background-media":"","overlay-type":"","overlay-color":"","overlay-opacity":"","overlay-gradient":""},"mobile":{"background-color":"","background-image":"","background-repeat":"repeat","background-position":"center center","background-size":"auto","background-attachment":"scroll","background-type":"","background-media":"","overlay-type":"","overlay-color":"","overlay-opacity":"","overlay-gradient":""}},"ast-content-background-meta":{"desktop":{"background-color":"var(--ast-global-color-5)","background-image":"","background-repeat":"repeat","background-position":"center center","background-size":"auto","background-attachment":"scroll","background-type":"","background-media":"","overlay-type":"","overlay-color":"","overlay-opacity":"","overlay-gradient":""},"tablet":{"background-color":"var(--ast-global-color-5)","background-image":"","background-repeat":"repeat","background-position":"center center","background-size":"auto","background-attachment":"scroll","background-type":"","background-media":"","overlay-type":"","overlay-color":"","overlay-opacity":"","overlay-gradient":""},"mobile":{"background-color":"var(--ast-global-color-5)","background-image":"","background-repeat":"repeat","background-position":"center center","background-size":"auto","background-attachment":"scroll","background-type":"","background-media":"","overlay-type":"","overlay-color":"","overlay-opacity":"","overlay-gradient":""}},"footnotes":""},"class_list":["post-3867","page","type-page","status-publish","hentry"],"yoast_head":"<!-- This site is optimized with the Yoast SEO Premium plugin v20.8 (Yoast SEO v27.4) - https:\/\/yoast.com\/product\/yoast-seo-premium-wordpress\/ -->\n<title>Digitaliza\u00e7\u00e3o - Quilombos<\/title>\n<meta name=\"robots\" content=\"index, follow, max-snippet:-1, max-image-preview:large, max-video-preview:-1\" \/>\n<link rel=\"canonical\" href=\"https:\/\/quilombos.historiatlantica.org\/?page_id=3867\" \/>\n<meta property=\"og:locale\" content=\"en_US\" \/>\n<meta property=\"og:type\" content=\"article\" \/>\n<meta property=\"og:title\" content=\"Digitaliza\u00e7\u00e3o\" \/>\n<meta property=\"og:description\" content=\"Digitaliza\u00e7\u00e3o As fontes dos seguintes arquivos ser\u00e3o digitalizadas. Arquivo P\u00fablico do Estado do Maranh\u00e3o (APEM) Arquivo P\u00fablico do Estado do Par\u00e1 (APEP) Arquivo do Estado de S\u00e3o Paulo (AESP) Arquivo P\u00fablico do Estado do Rio Grande do Sul (APERS) Arquivo P\u00fablico do Estado de Sergipe (APES) Arquivo Hist\u00f3rico do Itamaraty Funda\u00e7\u00e3o Biblioteca Nacional \u2013 Divis\u00e3o [&hellip;]\" \/>\n<meta property=\"og:url\" content=\"https:\/\/quilombos.historiatlantica.org\/?page_id=3867\" \/>\n<meta property=\"og:site_name\" content=\"Quilombos\" \/>\n<meta property=\"article:modified_time\" content=\"2025-11-27T20:03:28+00:00\" \/>\n<meta name=\"twitter:card\" content=\"summary_large_image\" \/>\n<meta name=\"twitter:label1\" content=\"Est. reading time\" \/>\n\t<meta name=\"twitter:data1\" content=\"1 minute\" \/>\n<script type=\"application\/ld+json\" class=\"yoast-schema-graph\">{\"@context\":\"https:\\\/\\\/schema.org\",\"@graph\":[{\"@type\":\"WebPage\",\"@id\":\"https:\\\/\\\/quilombos.historiatlantica.org\\\/?page_id=3867\",\"url\":\"https:\\\/\\\/quilombos.historiatlantica.org\\\/?page_id=3867\",\"name\":\"Digitaliza\u00e7\u00e3o - Quilombos\",\"isPartOf\":{\"@id\":\"https:\\\/\\\/quilombos.historiatlantica.org\\\/#website\"},\"datePublished\":\"2025-11-27T19:38:36+00:00\",\"dateModified\":\"2025-11-27T20:03:28+00:00\",\"breadcrumb\":{\"@id\":\"https:\\\/\\\/quilombos.historiatlantica.org\\\/?page_id=3867#breadcrumb\"},\"inLanguage\":\"en-US\",\"potentialAction\":[{\"@type\":\"ReadAction\",\"target\":[\"https:\\\/\\\/quilombos.historiatlantica.org\\\/?page_id=3867\"]}]},{\"@type\":\"BreadcrumbList\",\"@id\":\"https:\\\/\\\/quilombos.historiatlantica.org\\\/?page_id=3867#breadcrumb\",\"itemListElement\":[{\"@type\":\"ListItem\",\"position\":1,\"name\":\"Home\",\"item\":\"https:\\\/\\\/quilombos.historiatlantica.org\\\/\"},{\"@type\":\"ListItem\",\"position\":2,\"name\":\"Digitaliza\u00e7\u00e3o\"}]},{\"@type\":\"WebSite\",\"@id\":\"https:\\\/\\\/quilombos.historiatlantica.org\\\/#website\",\"url\":\"https:\\\/\\\/quilombos.historiatlantica.org\\\/\",\"name\":\"Quilombos\",\"description\":\"\",\"publisher\":{\"@id\":\"https:\\\/\\\/quilombos.historiatlantica.org\\\/#organization\"},\"potentialAction\":[{\"@type\":\"SearchAction\",\"target\":{\"@type\":\"EntryPoint\",\"urlTemplate\":\"https:\\\/\\\/quilombos.historiatlantica.org\\\/?s={search_term_string}\"},\"query-input\":{\"@type\":\"PropertyValueSpecification\",\"valueRequired\":true,\"valueName\":\"search_term_string\"}}],\"inLanguage\":\"en-US\"},{\"@type\":\"Organization\",\"@id\":\"https:\\\/\\\/quilombos.historiatlantica.org\\\/#organization\",\"name\":\"Quilombos\",\"url\":\"https:\\\/\\\/quilombos.historiatlantica.org\\\/\",\"logo\":{\"@type\":\"ImageObject\",\"inLanguage\":\"en-US\",\"@id\":\"https:\\\/\\\/quilombos.historiatlantica.org\\\/#\\\/schema\\\/logo\\\/image\\\/\",\"url\":\"https:\\\/\\\/quilombos.historiatlantica.org\\\/wp-content\\\/uploads\\\/2025\\\/11\\\/cropped-Purple-Modern-Mind-Map-and-Process-Flow-Graph-scaled-1.png\",\"contentUrl\":\"https:\\\/\\\/quilombos.historiatlantica.org\\\/wp-content\\\/uploads\\\/2025\\\/11\\\/cropped-Purple-Modern-Mind-Map-and-Process-Flow-Graph-scaled-1.png\",\"width\":1732,\"height\":1799,\"caption\":\"Quilombos\"},\"image\":{\"@id\":\"https:\\\/\\\/quilombos.historiatlantica.org\\\/#\\\/schema\\\/logo\\\/image\\\/\"}}]}<\/script>\n<!-- \/ Yoast SEO Premium plugin. -->","yoast_head_json":{"title":"Digitaliza\u00e7\u00e3o - Quilombos","robots":{"index":"index","follow":"follow","max-snippet":"max-snippet:-1","max-image-preview":"max-image-preview:large","max-video-preview":"max-video-preview:-1"},"canonical":"https:\/\/quilombos.historiatlantica.org\/?page_id=3867","og_locale":"en_US","og_type":"article","og_title":"Digitaliza\u00e7\u00e3o","og_description":"Digitaliza\u00e7\u00e3o As fontes dos seguintes arquivos ser\u00e3o digitalizadas. Arquivo P\u00fablico do Estado do Maranh\u00e3o (APEM) Arquivo P\u00fablico do Estado do Par\u00e1 (APEP) Arquivo do Estado de S\u00e3o Paulo (AESP) Arquivo P\u00fablico do Estado do Rio Grande do Sul (APERS) Arquivo P\u00fablico do Estado de Sergipe (APES) Arquivo Hist\u00f3rico do Itamaraty Funda\u00e7\u00e3o Biblioteca Nacional \u2013 Divis\u00e3o [&hellip;]","og_url":"https:\/\/quilombos.historiatlantica.org\/?page_id=3867","og_site_name":"Quilombos","article_modified_time":"2025-11-27T20:03:28+00:00","twitter_card":"summary_large_image","twitter_misc":{"Est. reading time":"1 minute"},"schema":{"@context":"https:\/\/schema.org","@graph":[{"@type":"WebPage","@id":"https:\/\/quilombos.historiatlantica.org\/?page_id=3867","url":"https:\/\/quilombos.historiatlantica.org\/?page_id=3867","name":"Digitaliza\u00e7\u00e3o - Quilombos","isPartOf":{"@id":"https:\/\/quilombos.historiatlantica.org\/#website"},"datePublished":"2025-11-27T19:38:36+00:00","dateModified":"2025-11-27T20:03:28+00:00","breadcrumb":{"@id":"https:\/\/quilombos.historiatlantica.org\/?page_id=3867#breadcrumb"},"inLanguage":"en-US","potentialAction":[{"@type":"ReadAction","target":["https:\/\/quilombos.historiatlantica.org\/?page_id=3867"]}]},{"@type":"BreadcrumbList","@id":"https:\/\/quilombos.historiatlantica.org\/?page_id=3867#breadcrumb","itemListElement":[{"@type":"ListItem","position":1,"name":"Home","item":"https:\/\/quilombos.historiatlantica.org\/"},{"@type":"ListItem","position":2,"name":"Digitaliza\u00e7\u00e3o"}]},{"@type":"WebSite","@id":"https:\/\/quilombos.historiatlantica.org\/#website","url":"https:\/\/quilombos.historiatlantica.org\/","name":"Quilombos","description":"","publisher":{"@id":"https:\/\/quilombos.historiatlantica.org\/#organization"},"potentialAction":[{"@type":"SearchAction","target":{"@type":"EntryPoint","urlTemplate":"https:\/\/quilombos.historiatlantica.org\/?s={search_term_string}"},"query-input":{"@type":"PropertyValueSpecification","valueRequired":true,"valueName":"search_term_string"}}],"inLanguage":"en-US"},{"@type":"Organization","@id":"https:\/\/quilombos.historiatlantica.org\/#organization","name":"Quilombos","url":"https:\/\/quilombos.historiatlantica.org\/","logo":{"@type":"ImageObject","inLanguage":"en-US","@id":"https:\/\/quilombos.historiatlantica.org\/#\/schema\/logo\/image\/","url":"https:\/\/quilombos.historiatlantica.org\/wp-content\/uploads\/2025\/11\/cropped-Purple-Modern-Mind-Map-and-Process-Flow-Graph-scaled-1.png","contentUrl":"https:\/\/quilombos.historiatlantica.org\/wp-content\/uploads\/2025\/11\/cropped-Purple-Modern-Mind-Map-and-Process-Flow-Graph-scaled-1.png","width":1732,"height":1799,"caption":"Quilombos"},"image":{"@id":"https:\/\/quilombos.historiatlantica.org\/#\/schema\/logo\/image\/"}}]}},"_hostinger_reach_plugin_has_subscription_block":false,"_hostinger_reach_plugin_is_elementor":false,"_links":{"self":[{"href":"https:\/\/quilombos.historiatlantica.org\/index.php?rest_route=\/wp\/v2\/pages\/3867","targetHints":{"allow":["GET"]}}],"collection":[{"href":"https:\/\/quilombos.historiatlantica.org\/index.php?rest_route=\/wp\/v2\/pages"}],"about":[{"href":"https:\/\/quilombos.historiatlantica.org\/index.php?rest_route=\/wp\/v2\/types\/page"}],"author":[{"embeddable":true,"href":"https:\/\/quilombos.historiatlantica.org\/index.php?rest_route=\/wp\/v2\/users\/1"}],"replies":[{"embeddable":true,"href":"https:\/\/quilombos.historiatlantica.org\/index.php?rest_route=%2Fwp%2Fv2%2Fcomments&post=3867"}],"version-history":[{"count":7,"href":"https:\/\/quilombos.historiatlantica.org\/index.php?rest_route=\/wp\/v2\/pages\/3867\/revisions"}],"predecessor-version":[{"id":3878,"href":"https:\/\/quilombos.historiatlantica.org\/index.php?rest_route=\/wp\/v2\/pages\/3867\/revisions\/3878"}],"wp:attachment":[{"href":"https:\/\/quilombos.historiatlantica.org\/index.php?rest_route=%2Fwp%2Fv2%2Fmedia&parent=3867"}],"curies":[{"name":"wp","href":"https:\/\/api.w.org\/{rel}","templated":true}]}}