{"id":3636,"date":"2025-11-24T08:37:25","date_gmt":"2025-11-24T08:37:25","guid":{"rendered":"https:\/\/quilombos.historiatlantica.org\/?page_id=3636"},"modified":"2025-11-24T09:09:53","modified_gmt":"2025-11-24T09:09:53","slug":"sonorizacao-e-animacao","status":"publish","type":"page","link":"https:\/\/quilombos.historiatlantica.org\/?page_id=3636","title":{"rendered":"Sonoriza\u00e7\u00e3o e Anima\u00e7\u00e3o"},"content":{"rendered":"\t\t<div data-elementor-type=\"wp-page\" data-elementor-id=\"3636\" class=\"elementor elementor-3636\" data-elementor-post-type=\"page\">\n\t\t\t\t<div data-particle_enable=\"false\" data-particle-mobile-disabled=\"false\" class=\"elementor-element elementor-element-dcfb448 e-con-full e-flex e-con e-parent\" data-id=\"dcfb448\" data-element_type=\"container\" data-e-type=\"container\" data-settings=\"{&quot;background_background&quot;:&quot;classic&quot;}\">\n\t\t<div data-particle_enable=\"false\" data-particle-mobile-disabled=\"false\" class=\"elementor-element elementor-element-d21b7e0 e-flex e-con-boxed e-con e-child\" data-id=\"d21b7e0\" data-element_type=\"container\" data-e-type=\"container\">\n\t\t\t\t\t<div class=\"e-con-inner\">\n\t\t\t\t<div class=\"elementor-element elementor-element-a1996c4 elementor-widget elementor-widget-heading\" data-id=\"a1996c4\" data-element_type=\"widget\" data-e-type=\"widget\" data-widget_type=\"heading.default\">\n\t\t\t\t<div class=\"elementor-widget-container\">\n\t\t\t\t\t<h2 class=\"elementor-heading-title elementor-size-default\">Sonoriza\u00e7\u00e3o e Anima\u00e7\u00e3o<\/h2>\t\t\t\t<\/div>\n\t\t\t\t<\/div>\n\t\t\t\t\t<\/div>\n\t\t\t\t<\/div>\n\t\t\t\t<\/div>\n\t\t<div data-particle_enable=\"false\" data-particle-mobile-disabled=\"false\" class=\"elementor-element elementor-element-9233d44 e-flex e-con-boxed e-con e-parent\" data-id=\"9233d44\" data-element_type=\"container\" data-e-type=\"container\">\n\t\t\t\t\t<div class=\"e-con-inner\">\n\t\t\t\t<div class=\"elementor-element elementor-element-496991d elementor-widget elementor-widget-text-editor\" data-id=\"496991d\" data-element_type=\"widget\" data-e-type=\"widget\" data-widget_type=\"text-editor.default\">\n\t\t\t\t<div class=\"elementor-widget-container\">\n\t\t\t\t\t\t\t\t\t<p data-start=\"432\" data-end=\"833\">Nesta se\u00e7\u00e3o s\u00e3o apresentados experimentos metodol\u00f3gicos com ferramentas de intelig\u00eancia artificial voltados \u00e0 sonoriza\u00e7\u00e3o e \u00e0 cria\u00e7\u00e3o de movimento em imagens hist\u00f3ricas de pessoas escravizadas. O objetivo \u00e9 explorar, de forma cr\u00edtica e controlada, possibilidades de media\u00e7\u00e3o e interpreta\u00e7\u00e3o digital desses acervos, sempre respeitando sua profundidade hist\u00f3rica e as sensibilidades \u00e9ticas envolvidas.<\/p><p data-start=\"835\" data-end=\"976\" data-is-last-node=\"\" data-is-only-node=\"\">\u00a0<\/p>\t\t\t\t\t\t\t\t<\/div>\n\t\t\t\t<\/div>\n\t\t\t\t\t<\/div>\n\t\t\t\t<\/div>\n\t\t<div data-particle_enable=\"false\" data-particle-mobile-disabled=\"false\" class=\"elementor-element elementor-element-0053b57 e-flex e-con-boxed e-con e-parent\" data-id=\"0053b57\" data-element_type=\"container\" data-e-type=\"container\">\n\t\t\t\t\t<div class=\"e-con-inner\">\n\t\t\t\t<div class=\"elementor-element elementor-element-48216a4 elementor-widget-divider--separator-type-pattern elementor-widget-divider--view-line elementor-widget elementor-widget-divider\" data-id=\"48216a4\" data-element_type=\"widget\" data-e-type=\"widget\" data-widget_type=\"divider.default\">\n\t\t\t\t<div class=\"elementor-widget-container\">\n\t\t\t\t\t\t\t<div class=\"elementor-divider\" style=\"--divider-pattern-url: url(&quot;data:image\/svg+xml,%3Csvg xmlns=&#039;http:\/\/www.w3.org\/2000\/svg&#039; preserveAspectRatio=&#039;none&#039; overflow=&#039;visible&#039; height=&#039;100%&#039; viewBox=&#039;0 0 20 16&#039; fill=&#039;none&#039; stroke=&#039;black&#039; stroke-width=&#039;1&#039; stroke-linecap=&#039;square&#039; stroke-miterlimit=&#039;10&#039;%3E%3Cg transform=&#039;translate(-12.000000, 0)&#039;%3E%3Cpath d=&#039;M28,0L10,18&#039;\/%3E%3Cpath d=&#039;M18,0L0,18&#039;\/%3E%3Cpath d=&#039;M48,0L30,18&#039;\/%3E%3Cpath d=&#039;M38,0L20,18&#039;\/%3E%3C\/g%3E%3C\/svg%3E&quot;);\">\n\t\t\t<span class=\"elementor-divider-separator\">\n\t\t\t\t\t\t<\/span>\n\t\t<\/div>\n\t\t\t\t\t\t<\/div>\n\t\t\t\t<\/div>\n\t\t\t\t\t<\/div>\n\t\t\t\t<\/div>\n\t\t<div data-particle_enable=\"false\" data-particle-mobile-disabled=\"false\" class=\"elementor-element elementor-element-37d9da2 e-flex e-con-boxed e-con e-parent\" data-id=\"37d9da2\" data-element_type=\"container\" data-e-type=\"container\">\n\t\t\t\t\t<div class=\"e-con-inner\">\n\t\t\t\t<div class=\"elementor-element elementor-element-65c6f39 elementor-widget elementor-widget-heading\" data-id=\"65c6f39\" data-element_type=\"widget\" data-e-type=\"widget\" data-widget_type=\"heading.default\">\n\t\t\t\t<div class=\"elementor-widget-container\">\n\t\t\t\t\t<h2 class=\"elementor-heading-title elementor-size-default\">La cuisine \u00e0 la roca \/ A cozinha na ro\u00e7a\u201d (1861)<\/h2>\t\t\t\t<\/div>\n\t\t\t\t<\/div>\n\t\t\t\t<div class=\"elementor-element elementor-element-3cdb299 elementor-widget elementor-widget-text-editor\" data-id=\"3cdb299\" data-element_type=\"widget\" data-e-type=\"widget\" data-widget_type=\"text-editor.default\">\n\t\t\t\t<div class=\"elementor-widget-container\">\n\t\t\t\t\t\t\t\t\t<p>Esta anima\u00e7\u00e3o experimental aplica ferramentas de intelig\u00eancia artificial para sugerir movimento \u00e0 obra \u201cLa cuisine \u00e0 la roca\u201d [\u201cA cozinha na ro\u00e7a\u201d], publicada em 1861 no \u00e1lbum Brasil Pitoresco, escrito por Charles Ribeyrolles, fotografado por Victor Frond e gravado por Philippe Benoist. Produzida em pleno contexto da escravid\u00e3o no Brasil, a imagem retrata cenas de trabalho for\u00e7ado e cotidiano rural no Norte do pa\u00eds.<\/p>\t\t\t\t\t\t\t\t<\/div>\n\t\t\t\t<\/div>\n\t\t\t\t\t<\/div>\n\t\t\t\t<\/div>\n\t\t<div data-particle_enable=\"false\" data-particle-mobile-disabled=\"false\" class=\"elementor-element elementor-element-8719e9f e-flex e-con-boxed e-con e-parent\" data-id=\"8719e9f\" data-element_type=\"container\" data-e-type=\"container\">\n\t\t\t\t\t<div class=\"e-con-inner\">\n\t\t\t\t<div class=\"elementor-element elementor-element-a634ef4 elementor-widget elementor-widget-video\" data-id=\"a634ef4\" data-element_type=\"widget\" data-e-type=\"widget\" data-settings=\"{&quot;video_type&quot;:&quot;hosted&quot;,&quot;controls&quot;:&quot;yes&quot;}\" data-widget_type=\"video.default\">\n\t\t\t\t<div class=\"elementor-widget-container\">\n\t\t\t\t\t\t\t<div class=\"e-hosted-video elementor-wrapper elementor-open-inline\">\n\t\t\t\t\t<video class=\"elementor-video\" src=\"https:\/\/quilombos.historiatlantica.org\/wp-content\/uploads\/2025\/11\/Teste1.mp4\" controls=\"\" preload=\"metadata\" controlsList=\"nodownload\"><\/video>\n\t\t\t\t<\/div>\n\t\t\t\t\t\t<\/div>\n\t\t\t\t<\/div>\n\t\t\t\t\t<\/div>\n\t\t\t\t<\/div>\n\t\t<div data-particle_enable=\"false\" data-particle-mobile-disabled=\"false\" class=\"elementor-element elementor-element-fcd0871 e-flex e-con-boxed e-con e-parent\" data-id=\"fcd0871\" data-element_type=\"container\" data-e-type=\"container\">\n\t\t\t\t\t<div class=\"e-con-inner\">\n\t\t\t\t<div class=\"elementor-element elementor-element-cbf7cff elementor-widget-divider--separator-type-pattern elementor-widget-divider--view-line elementor-widget elementor-widget-divider\" data-id=\"cbf7cff\" data-element_type=\"widget\" data-e-type=\"widget\" data-widget_type=\"divider.default\">\n\t\t\t\t<div class=\"elementor-widget-container\">\n\t\t\t\t\t\t\t<div class=\"elementor-divider\" style=\"--divider-pattern-url: url(&quot;data:image\/svg+xml,%3Csvg xmlns=&#039;http:\/\/www.w3.org\/2000\/svg&#039; preserveAspectRatio=&#039;none&#039; overflow=&#039;visible&#039; height=&#039;100%&#039; viewBox=&#039;0 0 20 16&#039; fill=&#039;none&#039; stroke=&#039;black&#039; stroke-width=&#039;1&#039; stroke-linecap=&#039;square&#039; stroke-miterlimit=&#039;10&#039;%3E%3Cg transform=&#039;translate(-12.000000, 0)&#039;%3E%3Cpath d=&#039;M28,0L10,18&#039;\/%3E%3Cpath d=&#039;M18,0L0,18&#039;\/%3E%3Cpath d=&#039;M48,0L30,18&#039;\/%3E%3Cpath d=&#039;M38,0L20,18&#039;\/%3E%3C\/g%3E%3C\/svg%3E&quot;);\">\n\t\t\t<span class=\"elementor-divider-separator\">\n\t\t\t\t\t\t<\/span>\n\t\t<\/div>\n\t\t\t\t\t\t<\/div>\n\t\t\t\t<\/div>\n\t\t\t\t\t<\/div>\n\t\t\t\t<\/div>\n\t\t<div data-particle_enable=\"false\" data-particle-mobile-disabled=\"false\" class=\"elementor-element elementor-element-42ed86c e-flex e-con-boxed e-con e-parent\" data-id=\"42ed86c\" data-element_type=\"container\" data-e-type=\"container\">\n\t\t\t\t\t<div class=\"e-con-inner\">\n\t\t\t\t<div class=\"elementor-element elementor-element-57e2305 elementor-widget elementor-widget-heading\" data-id=\"57e2305\" data-element_type=\"widget\" data-e-type=\"widget\" data-widget_type=\"heading.default\">\n\t\t\t\t<div class=\"elementor-widget-container\">\n\t\t\t\t\t<h2 class=\"elementor-heading-title elementor-size-default\">Escrava de ganho vendedora (1864)<\/h2>\t\t\t\t<\/div>\n\t\t\t\t<\/div>\n\t\t\t\t<div class=\"elementor-element elementor-element-475fb92 elementor-widget elementor-widget-text-editor\" data-id=\"475fb92\" data-element_type=\"widget\" data-e-type=\"widget\" data-widget_type=\"text-editor.default\">\n\t\t\t\t<div class=\"elementor-widget-container\">\n\t\t\t\t\t\t\t\t\t<p>Esta anima\u00e7\u00e3o experimental aplica recursos de intelig\u00eancia artificial a um retrato de est\u00fadio realizado por Christiano Junior em 1864, no qual uma mulher sentada e um menino em p\u00e9 \u2014 vendedores de rua \u2014 s\u00e3o registrados em um contexto urbano marcado por profundas desigualdades sociais e raciais no Brasil do s\u00e9culo XIX.\u00a0<\/p>\t\t\t\t\t\t\t\t<\/div>\n\t\t\t\t<\/div>\n\t\t\t\t<div class=\"elementor-element elementor-element-a036e91 elementor-widget elementor-widget-video\" data-id=\"a036e91\" data-element_type=\"widget\" data-e-type=\"widget\" data-settings=\"{&quot;video_type&quot;:&quot;hosted&quot;,&quot;controls&quot;:&quot;yes&quot;}\" data-widget_type=\"video.default\">\n\t\t\t\t<div class=\"elementor-widget-container\">\n\t\t\t\t\t\t\t<div class=\"e-hosted-video elementor-wrapper elementor-open-inline\">\n\t\t\t\t\t<video class=\"elementor-video\" src=\"https:\/\/quilombos.historiatlantica.org\/wp-content\/uploads\/2025\/11\/Teste2.mp4\" controls=\"\" preload=\"metadata\" controlsList=\"nodownload\"><\/video>\n\t\t\t\t<\/div>\n\t\t\t\t\t\t<\/div>\n\t\t\t\t<\/div>\n\t\t\t\t\t<\/div>\n\t\t\t\t<\/div>\n\t\t<div data-particle_enable=\"false\" data-particle-mobile-disabled=\"false\" class=\"elementor-element elementor-element-b9afc38 e-flex e-con-boxed e-con e-parent\" data-id=\"b9afc38\" data-element_type=\"container\" data-e-type=\"container\">\n\t\t\t\t\t<div class=\"e-con-inner\">\n\t\t\t\t<div class=\"elementor-element elementor-element-c2b5b05 elementor-widget elementor-widget-heading\" data-id=\"c2b5b05\" data-element_type=\"widget\" data-e-type=\"widget\" data-widget_type=\"heading.default\">\n\t\t\t\t<div class=\"elementor-widget-container\">\n\t\t\t\t\t<h2 class=\"elementor-heading-title elementor-size-default\">Travailleur \u00e0 la roca (1861)<\/h2>\t\t\t\t<\/div>\n\t\t\t\t<\/div>\n\t\t\t\t<div class=\"elementor-element elementor-element-566ad77 elementor-widget elementor-widget-text-editor\" data-id=\"566ad77\" data-element_type=\"widget\" data-e-type=\"widget\" data-widget_type=\"text-editor.default\">\n\t\t\t\t<div class=\"elementor-widget-container\">\n\t\t\t\t\t\t\t\t\t<p>Esta anima\u00e7\u00e3o experimental utiliza ferramentas de intelig\u00eancia artificial para sugerir movimento na imagem \u201cTravailleur a la roca\u201d (1861), registrada por Victor Frond no contexto da escravid\u00e3o no Brasil.<\/p>\t\t\t\t\t\t\t\t<\/div>\n\t\t\t\t<\/div>\n\t\t\t\t<div class=\"elementor-element elementor-element-1488727 elementor-widget elementor-widget-video\" data-id=\"1488727\" data-element_type=\"widget\" data-e-type=\"widget\" data-settings=\"{&quot;video_type&quot;:&quot;hosted&quot;,&quot;controls&quot;:&quot;yes&quot;}\" data-widget_type=\"video.default\">\n\t\t\t\t<div class=\"elementor-widget-container\">\n\t\t\t\t\t\t\t<div class=\"e-hosted-video elementor-wrapper elementor-open-inline\">\n\t\t\t\t\t<video class=\"elementor-video\" src=\"https:\/\/quilombos.historiatlantica.org\/wp-content\/uploads\/2025\/11\/Teste3.mp4\" controls=\"\" preload=\"metadata\" controlsList=\"nodownload\"><\/video>\n\t\t\t\t<\/div>\n\t\t\t\t\t\t<\/div>\n\t\t\t\t<\/div>\n\t\t\t\t\t<\/div>\n\t\t\t\t<\/div>\n\t\t\t\t<\/div>\n\t\t\n    <div class=\"xs_social_share_widget xs_share_url after_content \t\tmain_content  wslu-style-1 wslu-share-box-shaped wslu-fill-colored wslu-none wslu-share-horizontal wslu-theme-font-no wslu-main_content\">\n\n\t\t\n        <ul>\n\t\t\t        <\/ul>\n    <\/div> \n","protected":false},"excerpt":{"rendered":"<p>Sonoriza\u00e7\u00e3o e Anima\u00e7\u00e3o Nesta se\u00e7\u00e3o s\u00e3o apresentados experimentos metodol\u00f3gicos com ferramentas de intelig\u00eancia artificial voltados \u00e0 sonoriza\u00e7\u00e3o e \u00e0 cria\u00e7\u00e3o de movimento em imagens hist\u00f3ricas de pessoas escravizadas. O objetivo \u00e9 explorar, de forma cr\u00edtica e controlada, possibilidades de media\u00e7\u00e3o e interpreta\u00e7\u00e3o digital desses acervos, sempre respeitando sua profundidade hist\u00f3rica e as sensibilidades \u00e9ticas envolvidas. [&hellip;]<\/p>\n","protected":false},"author":2,"featured_media":0,"parent":0,"menu_order":0,"comment_status":"closed","ping_status":"closed","template":"","meta":{"postBodyCss":"","postBodyMargin":[],"postBodyPadding":[],"postBodyBackground":{"backgroundType":"classic","gradient":""},"site-sidebar-layout":"no-sidebar","site-content-layout":"page-builder","ast-site-content-layout":"default","site-content-style":"default","site-sidebar-style":"default","ast-global-header-display":"","ast-banner-title-visibility":"","ast-main-header-display":"","ast-hfb-above-header-display":"","ast-hfb-below-header-display":"","ast-hfb-mobile-header-display":"","site-post-title":"disabled","ast-breadcrumbs-content":"","ast-featured-img":"disabled","footer-sml-layout":"","ast-disable-related-posts":"","theme-transparent-header-meta":"enabled","adv-header-id-meta":"","stick-header-meta":"","header-above-stick-meta":"","header-main-stick-meta":"","header-below-stick-meta":"","astra-migrate-meta-layouts":"default","ast-page-background-enabled":"default","ast-page-background-meta":{"desktop":{"background-color":"var(--ast-global-color-4)","background-image":"","background-repeat":"repeat","background-position":"center center","background-size":"auto","background-attachment":"scroll","background-type":"","background-media":"","overlay-type":"","overlay-color":"","overlay-opacity":"","overlay-gradient":""},"tablet":{"background-color":"","background-image":"","background-repeat":"repeat","background-position":"center center","background-size":"auto","background-attachment":"scroll","background-type":"","background-media":"","overlay-type":"","overlay-color":"","overlay-opacity":"","overlay-gradient":""},"mobile":{"background-color":"","background-image":"","background-repeat":"repeat","background-position":"center center","background-size":"auto","background-attachment":"scroll","background-type":"","background-media":"","overlay-type":"","overlay-color":"","overlay-opacity":"","overlay-gradient":""}},"ast-content-background-meta":{"desktop":{"background-color":"var(--ast-global-color-5)","background-image":"","background-repeat":"repeat","background-position":"center center","background-size":"auto","background-attachment":"scroll","background-type":"","background-media":"","overlay-type":"","overlay-color":"","overlay-opacity":"","overlay-gradient":""},"tablet":{"background-color":"var(--ast-global-color-5)","background-image":"","background-repeat":"repeat","background-position":"center center","background-size":"auto","background-attachment":"scroll","background-type":"","background-media":"","overlay-type":"","overlay-color":"","overlay-opacity":"","overlay-gradient":""},"mobile":{"background-color":"var(--ast-global-color-5)","background-image":"","background-repeat":"repeat","background-position":"center center","background-size":"auto","background-attachment":"scroll","background-type":"","background-media":"","overlay-type":"","overlay-color":"","overlay-opacity":"","overlay-gradient":""}},"footnotes":""},"class_list":["post-3636","page","type-page","status-publish","hentry"],"yoast_head":"<!-- This site is optimized with the Yoast SEO Premium plugin v20.8 (Yoast SEO v27.4) - https:\/\/yoast.com\/product\/yoast-seo-premium-wordpress\/ -->\n<title>Sonoriza\u00e7\u00e3o e Anima\u00e7\u00e3o - Quilombos<\/title>\n<meta name=\"robots\" content=\"index, follow, max-snippet:-1, max-image-preview:large, max-video-preview:-1\" \/>\n<link rel=\"canonical\" href=\"https:\/\/quilombos.historiatlantica.org\/?page_id=3636\" \/>\n<meta property=\"og:locale\" content=\"en_US\" \/>\n<meta property=\"og:type\" content=\"article\" \/>\n<meta property=\"og:title\" content=\"Sonoriza\u00e7\u00e3o e Anima\u00e7\u00e3o\" \/>\n<meta property=\"og:description\" content=\"Sonoriza\u00e7\u00e3o e Anima\u00e7\u00e3o Nesta se\u00e7\u00e3o s\u00e3o apresentados experimentos metodol\u00f3gicos com ferramentas de intelig\u00eancia artificial voltados \u00e0 sonoriza\u00e7\u00e3o e \u00e0 cria\u00e7\u00e3o de movimento em imagens hist\u00f3ricas de pessoas escravizadas. O objetivo \u00e9 explorar, de forma cr\u00edtica e controlada, possibilidades de media\u00e7\u00e3o e interpreta\u00e7\u00e3o digital desses acervos, sempre respeitando sua profundidade hist\u00f3rica e as sensibilidades \u00e9ticas envolvidas. [&hellip;]\" \/>\n<meta property=\"og:url\" content=\"https:\/\/quilombos.historiatlantica.org\/?page_id=3636\" \/>\n<meta property=\"og:site_name\" content=\"Quilombos\" \/>\n<meta property=\"article:modified_time\" content=\"2025-11-24T09:09:53+00:00\" \/>\n<meta name=\"twitter:card\" content=\"summary_large_image\" \/>\n<meta name=\"twitter:label1\" content=\"Est. reading time\" \/>\n\t<meta name=\"twitter:data1\" content=\"1 minute\" \/>\n<script type=\"application\/ld+json\" class=\"yoast-schema-graph\">{\"@context\":\"https:\\\/\\\/schema.org\",\"@graph\":[{\"@type\":\"WebPage\",\"@id\":\"https:\\\/\\\/quilombos.historiatlantica.org\\\/?page_id=3636\",\"url\":\"https:\\\/\\\/quilombos.historiatlantica.org\\\/?page_id=3636\",\"name\":\"Sonoriza\u00e7\u00e3o e Anima\u00e7\u00e3o - Quilombos\",\"isPartOf\":{\"@id\":\"https:\\\/\\\/quilombos.historiatlantica.org\\\/#website\"},\"datePublished\":\"2025-11-24T08:37:25+00:00\",\"dateModified\":\"2025-11-24T09:09:53+00:00\",\"breadcrumb\":{\"@id\":\"https:\\\/\\\/quilombos.historiatlantica.org\\\/?page_id=3636#breadcrumb\"},\"inLanguage\":\"en-US\",\"potentialAction\":[{\"@type\":\"ReadAction\",\"target\":[\"https:\\\/\\\/quilombos.historiatlantica.org\\\/?page_id=3636\"]}]},{\"@type\":\"BreadcrumbList\",\"@id\":\"https:\\\/\\\/quilombos.historiatlantica.org\\\/?page_id=3636#breadcrumb\",\"itemListElement\":[{\"@type\":\"ListItem\",\"position\":1,\"name\":\"Home\",\"item\":\"https:\\\/\\\/quilombos.historiatlantica.org\\\/\"},{\"@type\":\"ListItem\",\"position\":2,\"name\":\"Sonoriza\u00e7\u00e3o e Anima\u00e7\u00e3o\"}]},{\"@type\":\"WebSite\",\"@id\":\"https:\\\/\\\/quilombos.historiatlantica.org\\\/#website\",\"url\":\"https:\\\/\\\/quilombos.historiatlantica.org\\\/\",\"name\":\"Quilombos\",\"description\":\"\",\"publisher\":{\"@id\":\"https:\\\/\\\/quilombos.historiatlantica.org\\\/#organization\"},\"potentialAction\":[{\"@type\":\"SearchAction\",\"target\":{\"@type\":\"EntryPoint\",\"urlTemplate\":\"https:\\\/\\\/quilombos.historiatlantica.org\\\/?s={search_term_string}\"},\"query-input\":{\"@type\":\"PropertyValueSpecification\",\"valueRequired\":true,\"valueName\":\"search_term_string\"}}],\"inLanguage\":\"en-US\"},{\"@type\":\"Organization\",\"@id\":\"https:\\\/\\\/quilombos.historiatlantica.org\\\/#organization\",\"name\":\"Quilombos\",\"url\":\"https:\\\/\\\/quilombos.historiatlantica.org\\\/\",\"logo\":{\"@type\":\"ImageObject\",\"inLanguage\":\"en-US\",\"@id\":\"https:\\\/\\\/quilombos.historiatlantica.org\\\/#\\\/schema\\\/logo\\\/image\\\/\",\"url\":\"https:\\\/\\\/quilombos.historiatlantica.org\\\/wp-content\\\/uploads\\\/2025\\\/11\\\/cropped-Purple-Modern-Mind-Map-and-Process-Flow-Graph-scaled-1.png\",\"contentUrl\":\"https:\\\/\\\/quilombos.historiatlantica.org\\\/wp-content\\\/uploads\\\/2025\\\/11\\\/cropped-Purple-Modern-Mind-Map-and-Process-Flow-Graph-scaled-1.png\",\"width\":1732,\"height\":1799,\"caption\":\"Quilombos\"},\"image\":{\"@id\":\"https:\\\/\\\/quilombos.historiatlantica.org\\\/#\\\/schema\\\/logo\\\/image\\\/\"}}]}<\/script>\n<!-- \/ Yoast SEO Premium plugin. -->","yoast_head_json":{"title":"Sonoriza\u00e7\u00e3o e Anima\u00e7\u00e3o - Quilombos","robots":{"index":"index","follow":"follow","max-snippet":"max-snippet:-1","max-image-preview":"max-image-preview:large","max-video-preview":"max-video-preview:-1"},"canonical":"https:\/\/quilombos.historiatlantica.org\/?page_id=3636","og_locale":"en_US","og_type":"article","og_title":"Sonoriza\u00e7\u00e3o e Anima\u00e7\u00e3o","og_description":"Sonoriza\u00e7\u00e3o e Anima\u00e7\u00e3o Nesta se\u00e7\u00e3o s\u00e3o apresentados experimentos metodol\u00f3gicos com ferramentas de intelig\u00eancia artificial voltados \u00e0 sonoriza\u00e7\u00e3o e \u00e0 cria\u00e7\u00e3o de movimento em imagens hist\u00f3ricas de pessoas escravizadas. O objetivo \u00e9 explorar, de forma cr\u00edtica e controlada, possibilidades de media\u00e7\u00e3o e interpreta\u00e7\u00e3o digital desses acervos, sempre respeitando sua profundidade hist\u00f3rica e as sensibilidades \u00e9ticas envolvidas. [&hellip;]","og_url":"https:\/\/quilombos.historiatlantica.org\/?page_id=3636","og_site_name":"Quilombos","article_modified_time":"2025-11-24T09:09:53+00:00","twitter_card":"summary_large_image","twitter_misc":{"Est. reading time":"1 minute"},"schema":{"@context":"https:\/\/schema.org","@graph":[{"@type":"WebPage","@id":"https:\/\/quilombos.historiatlantica.org\/?page_id=3636","url":"https:\/\/quilombos.historiatlantica.org\/?page_id=3636","name":"Sonoriza\u00e7\u00e3o e Anima\u00e7\u00e3o - Quilombos","isPartOf":{"@id":"https:\/\/quilombos.historiatlantica.org\/#website"},"datePublished":"2025-11-24T08:37:25+00:00","dateModified":"2025-11-24T09:09:53+00:00","breadcrumb":{"@id":"https:\/\/quilombos.historiatlantica.org\/?page_id=3636#breadcrumb"},"inLanguage":"en-US","potentialAction":[{"@type":"ReadAction","target":["https:\/\/quilombos.historiatlantica.org\/?page_id=3636"]}]},{"@type":"BreadcrumbList","@id":"https:\/\/quilombos.historiatlantica.org\/?page_id=3636#breadcrumb","itemListElement":[{"@type":"ListItem","position":1,"name":"Home","item":"https:\/\/quilombos.historiatlantica.org\/"},{"@type":"ListItem","position":2,"name":"Sonoriza\u00e7\u00e3o e Anima\u00e7\u00e3o"}]},{"@type":"WebSite","@id":"https:\/\/quilombos.historiatlantica.org\/#website","url":"https:\/\/quilombos.historiatlantica.org\/","name":"Quilombos","description":"","publisher":{"@id":"https:\/\/quilombos.historiatlantica.org\/#organization"},"potentialAction":[{"@type":"SearchAction","target":{"@type":"EntryPoint","urlTemplate":"https:\/\/quilombos.historiatlantica.org\/?s={search_term_string}"},"query-input":{"@type":"PropertyValueSpecification","valueRequired":true,"valueName":"search_term_string"}}],"inLanguage":"en-US"},{"@type":"Organization","@id":"https:\/\/quilombos.historiatlantica.org\/#organization","name":"Quilombos","url":"https:\/\/quilombos.historiatlantica.org\/","logo":{"@type":"ImageObject","inLanguage":"en-US","@id":"https:\/\/quilombos.historiatlantica.org\/#\/schema\/logo\/image\/","url":"https:\/\/quilombos.historiatlantica.org\/wp-content\/uploads\/2025\/11\/cropped-Purple-Modern-Mind-Map-and-Process-Flow-Graph-scaled-1.png","contentUrl":"https:\/\/quilombos.historiatlantica.org\/wp-content\/uploads\/2025\/11\/cropped-Purple-Modern-Mind-Map-and-Process-Flow-Graph-scaled-1.png","width":1732,"height":1799,"caption":"Quilombos"},"image":{"@id":"https:\/\/quilombos.historiatlantica.org\/#\/schema\/logo\/image\/"}}]}},"_hostinger_reach_plugin_has_subscription_block":false,"_hostinger_reach_plugin_is_elementor":false,"_links":{"self":[{"href":"https:\/\/quilombos.historiatlantica.org\/index.php?rest_route=\/wp\/v2\/pages\/3636","targetHints":{"allow":["GET"]}}],"collection":[{"href":"https:\/\/quilombos.historiatlantica.org\/index.php?rest_route=\/wp\/v2\/pages"}],"about":[{"href":"https:\/\/quilombos.historiatlantica.org\/index.php?rest_route=\/wp\/v2\/types\/page"}],"author":[{"embeddable":true,"href":"https:\/\/quilombos.historiatlantica.org\/index.php?rest_route=\/wp\/v2\/users\/2"}],"replies":[{"embeddable":true,"href":"https:\/\/quilombos.historiatlantica.org\/index.php?rest_route=%2Fwp%2Fv2%2Fcomments&post=3636"}],"version-history":[{"count":22,"href":"https:\/\/quilombos.historiatlantica.org\/index.php?rest_route=\/wp\/v2\/pages\/3636\/revisions"}],"predecessor-version":[{"id":3670,"href":"https:\/\/quilombos.historiatlantica.org\/index.php?rest_route=\/wp\/v2\/pages\/3636\/revisions\/3670"}],"wp:attachment":[{"href":"https:\/\/quilombos.historiatlantica.org\/index.php?rest_route=%2Fwp%2Fv2%2Fmedia&parent=3636"}],"curies":[{"name":"wp","href":"https:\/\/api.w.org\/{rel}","templated":true}]}}