{"id":2903,"date":"2025-11-20T12:15:30","date_gmt":"2025-11-20T12:15:30","guid":{"rendered":"https:\/\/quilombos.historiatlantica.org\/?page_id=2903"},"modified":"2025-11-20T13:57:24","modified_gmt":"2025-11-20T13:57:24","slug":"mapas-historicos-bahia","status":"publish","type":"page","link":"https:\/\/quilombos.historiatlantica.org\/?page_id=2903","title":{"rendered":"Mapas Historicos &#8211; Bahia"},"content":{"rendered":"\t\t<div data-elementor-type=\"wp-page\" data-elementor-id=\"2903\" class=\"elementor elementor-2903\" data-elementor-post-type=\"page\">\n\t\t\t\t<div data-particle_enable=\"false\" data-particle-mobile-disabled=\"false\" class=\"elementor-element elementor-element-dcfb448 e-con-full e-flex e-con e-parent\" data-id=\"dcfb448\" data-element_type=\"container\" data-e-type=\"container\" data-settings=\"{&quot;background_background&quot;:&quot;classic&quot;}\">\n\t\t<div data-particle_enable=\"false\" data-particle-mobile-disabled=\"false\" class=\"elementor-element elementor-element-d21b7e0 e-flex e-con-boxed e-con e-child\" data-id=\"d21b7e0\" data-element_type=\"container\" data-e-type=\"container\">\n\t\t\t\t\t<div class=\"e-con-inner\">\n\t\t\t\t<div class=\"elementor-element elementor-element-a1996c4 elementor-widget elementor-widget-heading\" data-id=\"a1996c4\" data-element_type=\"widget\" data-e-type=\"widget\" data-widget_type=\"heading.default\">\n\t\t\t\t<div class=\"elementor-widget-container\">\n\t\t\t\t\t<h2 class=\"elementor-heading-title elementor-size-default\">BAHIA<\/h2>\t\t\t\t<\/div>\n\t\t\t\t<\/div>\n\t\t\t\t\t<\/div>\n\t\t\t\t<\/div>\n\t\t\t\t<\/div>\n\t\t<div data-particle_enable=\"false\" data-particle-mobile-disabled=\"false\" class=\"elementor-element elementor-element-9233d44 e-flex e-con-boxed e-con e-parent\" data-id=\"9233d44\" data-element_type=\"container\" data-e-type=\"container\">\n\t\t\t\t\t<div class=\"e-con-inner\">\n\t\t\t\t<div class=\"elementor-element elementor-element-5f11b23 elementor-widget elementor-widget-heading\" data-id=\"5f11b23\" data-element_type=\"widget\" data-e-type=\"widget\" data-widget_type=\"heading.default\">\n\t\t\t\t<div class=\"elementor-widget-container\">\n\t\t\t\t\t<h2 class=\"elementor-heading-title elementor-size-default\">1. Buraco do Tatu (1763)<\/h2>\t\t\t\t<\/div>\n\t\t\t\t<\/div>\n\t\t\t\t<div class=\"elementor-element elementor-element-170e5a3 elementor-widget elementor-widget-text-editor\" data-id=\"170e5a3\" data-element_type=\"widget\" data-e-type=\"widget\" data-widget_type=\"text-editor.default\">\n\t\t\t\t<div class=\"elementor-widget-container\">\n\t\t\t\t\t\t\t\t\t<p>BRASIL. Planta do Quilombo chamado o Buraco do Tatu para a Costa da Itapoam: que a 2 de Setembro de 1763 foi atacado pelo Capit\u00e3o-mor da Conquista do Gentio B\u00e1rbaro Joaquim da Costa Cardozo. [S.l.], 1763. Manuscrito aquarelado, desenho a nanquim, 36,8 x 47 cm. Arquivo Hist\u00f3rico Ultramarino, Bahia, Avulsos, n. 6449 e 6451.<\/p><p>Contem:\u00a0<\/p><p><b style=\"font-style: inherit; text-indent: -18pt;\">a.<span style=\"font-variant-numeric: normal; font-variant-east-asian: normal; font-variant-alternates: normal; font-size-adjust: none; font-kerning: auto; font-optical-sizing: auto; font-feature-settings: normal; font-variation-settings: normal; font-variant-position: normal; font-variant-emoji: normal; font-weight: normal; font-stretch: normal; font-size: 7pt; line-height: normal; font-family: 'Times New Roman';\">\u00a0\u00a0\u00a0 <\/span><\/b><span style=\"font-style: inherit; font-weight: inherit; text-indent: -18pt;\">Mapa original<\/span><\/p><p><b style=\"font-style: inherit; text-indent: -18pt;\">b.<span style=\"font-variant-numeric: normal; font-variant-east-asian: normal; font-variant-alternates: normal; font-size-adjust: none; font-kerning: auto; font-optical-sizing: auto; font-feature-settings: normal; font-variation-settings: normal; font-variant-position: normal; font-variant-emoji: normal; font-weight: normal; font-stretch: normal; font-size: 7pt; line-height: normal; font-family: 'Times New Roman';\">\u00a0 \u00a0\u00a0<\/span><\/b><span style=\"font-style: inherit; font-weight: inherit; text-indent: -18pt;\">Marca\u00e7\u00f5es gerais.<\/span><\/p><p><b style=\"font-style: inherit; text-indent: -18pt;\">c.<span style=\"font-variant-numeric: normal; font-variant-east-asian: normal; font-variant-alternates: normal; font-size-adjust: none; font-kerning: auto; font-optical-sizing: auto; font-feature-settings: normal; font-variation-settings: normal; font-variant-position: normal; font-variant-emoji: normal; font-weight: normal; font-stretch: normal; font-size: 7pt; line-height: normal; font-family: 'Times New Roman';\"> \u00a0<\/span><\/b><span style=\"text-indent: -24px;\">Marca\u00e7\u00f5es gerais e possibilidades de deslocamento.<\/span><\/p>\t\t\t\t\t\t\t\t<\/div>\n\t\t\t\t<\/div>\n\t\t\t\t\t<\/div>\n\t\t\t\t<\/div>\n\t\t<div data-particle_enable=\"false\" data-particle-mobile-disabled=\"false\" class=\"elementor-element elementor-element-0a5660c e-flex e-con-boxed e-con e-parent\" data-id=\"0a5660c\" data-element_type=\"container\" data-e-type=\"container\">\n\t\t\t\t\t<div class=\"e-con-inner\">\n\t\t\t\t<div class=\"elementor-element elementor-element-692357a elementor-widget elementor-widget-gallery\" data-id=\"692357a\" data-element_type=\"widget\" data-e-type=\"widget\" data-settings=\"{&quot;lazyload&quot;:&quot;yes&quot;,&quot;gallery_layout&quot;:&quot;grid&quot;,&quot;columns&quot;:4,&quot;columns_tablet&quot;:2,&quot;columns_mobile&quot;:1,&quot;gap&quot;:{&quot;unit&quot;:&quot;px&quot;,&quot;size&quot;:10,&quot;sizes&quot;:[]},&quot;gap_tablet&quot;:{&quot;unit&quot;:&quot;px&quot;,&quot;size&quot;:10,&quot;sizes&quot;:[]},&quot;gap_mobile&quot;:{&quot;unit&quot;:&quot;px&quot;,&quot;size&quot;:10,&quot;sizes&quot;:[]},&quot;link_to&quot;:&quot;file&quot;,&quot;aspect_ratio&quot;:&quot;3:2&quot;,&quot;overlay_background&quot;:&quot;yes&quot;,&quot;content_hover_animation&quot;:&quot;fade-in&quot;}\" data-widget_type=\"gallery.default\">\n\t\t\t\t<div class=\"elementor-widget-container\">\n\t\t\t\t\t\t\t<div class=\"elementor-gallery__container\">\n\t\t\t\t\t\t\t<a class=\"e-gallery-item elementor-gallery-item elementor-animated-content\" href=\"https:\/\/quilombos.historiatlantica.org\/wp-content\/uploads\/2025\/11\/ORIGINAL-1763-Buraco-do-Tatu-1-scaled.jpg\" data-elementor-open-lightbox=\"yes\" data-elementor-lightbox-slideshow=\"692357a\" data-elementor-lightbox-title=\"a. Mapa original\" data-e-action-hash=\"#elementor-action%3Aaction%3Dlightbox%26settings%3DeyJpZCI6MjkwNSwidXJsIjoiaHR0cHM6XC9cL3F1aWxvbWJvcy5oaXN0b3JpYXRsYW50aWNhLm9yZ1wvd3AtY29udGVudFwvdXBsb2Fkc1wvMjAyNVwvMTFcL09SSUdJTkFMLTE3NjMtQnVyYWNvLWRvLVRhdHUtMS1zY2FsZWQuanBnIiwic2xpZGVzaG93IjoiNjkyMzU3YSJ9\">\n\t\t\t\t\t<div class=\"e-gallery-image elementor-gallery-item__image\" data-thumbnail=\"https:\/\/quilombos.historiatlantica.org\/wp-content\/uploads\/2025\/11\/ORIGINAL-1763-Buraco-do-Tatu-1-300x225.jpg\" data-width=\"300\" data-height=\"225\" aria-label=\"\" role=\"img\" ><\/div>\n\t\t\t\t\t\t\t\t\t\t\t<div class=\"elementor-gallery-item__overlay\"><\/div>\n\t\t\t\t\t\t\t\t\t\t\t\t\t\t<\/a>\n\t\t\t\t\t\t\t<a class=\"e-gallery-item elementor-gallery-item elementor-animated-content\" href=\"https:\/\/quilombos.historiatlantica.org\/wp-content\/uploads\/2025\/11\/Mapa-com-marcacoes.jpg\" data-elementor-open-lightbox=\"yes\" data-elementor-lightbox-slideshow=\"692357a\" data-elementor-lightbox-title=\"b. Marca\u00e7\u00f5es gerais\" data-e-action-hash=\"#elementor-action%3Aaction%3Dlightbox%26settings%3DeyJpZCI6MjkwNywidXJsIjoiaHR0cHM6XC9cL3F1aWxvbWJvcy5oaXN0b3JpYXRsYW50aWNhLm9yZ1wvd3AtY29udGVudFwvdXBsb2Fkc1wvMjAyNVwvMTFcL01hcGEtY29tLW1hcmNhY29lcy5qcGciLCJzbGlkZXNob3ciOiI2OTIzNTdhIn0%3D\">\n\t\t\t\t\t<div class=\"e-gallery-image elementor-gallery-item__image\" data-thumbnail=\"https:\/\/quilombos.historiatlantica.org\/wp-content\/uploads\/2025\/11\/Mapa-com-marcacoes-278x300.jpg\" data-width=\"278\" data-height=\"300\" aria-label=\"\" role=\"img\" ><\/div>\n\t\t\t\t\t\t\t\t\t\t\t<div class=\"elementor-gallery-item__overlay\"><\/div>\n\t\t\t\t\t\t\t\t\t\t\t\t\t\t<\/a>\n\t\t\t\t\t\t\t<a class=\"e-gallery-item elementor-gallery-item elementor-animated-content\" href=\"https:\/\/quilombos.historiatlantica.org\/wp-content\/uploads\/2025\/11\/Mapa-com-exemplos-de-deslocamento.jpg\" data-elementor-open-lightbox=\"yes\" data-elementor-lightbox-slideshow=\"692357a\" data-elementor-lightbox-title=\"c. Marca\u00e7\u00f5es gerais e possibilidades de deslocamento\" data-e-action-hash=\"#elementor-action%3Aaction%3Dlightbox%26settings%3DeyJpZCI6MjkwNiwidXJsIjoiaHR0cHM6XC9cL3F1aWxvbWJvcy5oaXN0b3JpYXRsYW50aWNhLm9yZ1wvd3AtY29udGVudFwvdXBsb2Fkc1wvMjAyNVwvMTFcL01hcGEtY29tLWV4ZW1wbG9zLWRlLWRlc2xvY2FtZW50by5qcGciLCJzbGlkZXNob3ciOiI2OTIzNTdhIn0%3D\">\n\t\t\t\t\t<div class=\"e-gallery-image elementor-gallery-item__image\" data-thumbnail=\"https:\/\/quilombos.historiatlantica.org\/wp-content\/uploads\/2025\/11\/Mapa-com-exemplos-de-deslocamento-300x251.jpg\" data-width=\"300\" data-height=\"251\" aria-label=\"\" role=\"img\" ><\/div>\n\t\t\t\t\t\t\t\t\t\t\t<div class=\"elementor-gallery-item__overlay\"><\/div>\n\t\t\t\t\t\t\t\t\t\t\t\t\t\t<\/a>\n\t\t\t\t\t<\/div>\n\t\t\t\t\t<\/div>\n\t\t\t\t<\/div>\n\t\t\t\t\t<\/div>\n\t\t\t\t<\/div>\n\t\t<div data-particle_enable=\"false\" data-particle-mobile-disabled=\"false\" class=\"elementor-element elementor-element-0053b57 e-flex e-con-boxed e-con e-parent\" data-id=\"0053b57\" data-element_type=\"container\" data-e-type=\"container\">\n\t\t\t\t\t<div class=\"e-con-inner\">\n\t\t\t\t<div class=\"elementor-element elementor-element-e283a4f elementor-widget elementor-widget-spacer\" data-id=\"e283a4f\" data-element_type=\"widget\" data-e-type=\"widget\" data-widget_type=\"spacer.default\">\n\t\t\t\t<div class=\"elementor-widget-container\">\n\t\t\t\t\t\t\t<div class=\"elementor-spacer\">\n\t\t\t<div class=\"elementor-spacer-inner\"><\/div>\n\t\t<\/div>\n\t\t\t\t\t\t<\/div>\n\t\t\t\t<\/div>\n\t\t\t\t\t<\/div>\n\t\t\t\t<\/div>\n\t\t\t\t<\/div>\n\t\t\n    <div class=\"xs_social_share_widget xs_share_url after_content \t\tmain_content  wslu-style-1 wslu-share-box-shaped wslu-fill-colored wslu-none wslu-share-horizontal wslu-theme-font-no wslu-main_content\">\n\n\t\t\n        <ul>\n\t\t\t        <\/ul>\n    <\/div> \n","protected":false},"excerpt":{"rendered":"<p>BAHIA 1. Buraco do Tatu (1763) BRASIL. Planta do Quilombo chamado o Buraco do Tatu para a Costa da Itapoam: que a 2 de Setembro de 1763 foi atacado pelo Capit\u00e3o-mor da Conquista do Gentio B\u00e1rbaro Joaquim da Costa Cardozo. [S.l.], 1763. Manuscrito aquarelado, desenho a nanquim, 36,8 x 47 cm. Arquivo Hist\u00f3rico Ultramarino, Bahia, [&hellip;]<\/p>\n","protected":false},"author":1,"featured_media":0,"parent":0,"menu_order":0,"comment_status":"closed","ping_status":"closed","template":"","meta":{"postBodyCss":"","postBodyMargin":[],"postBodyPadding":[],"postBodyBackground":{"backgroundType":"classic","gradient":""},"site-sidebar-layout":"no-sidebar","site-content-layout":"page-builder","ast-site-content-layout":"default","site-content-style":"default","site-sidebar-style":"default","ast-global-header-display":"","ast-banner-title-visibility":"","ast-main-header-display":"","ast-hfb-above-header-display":"","ast-hfb-below-header-display":"","ast-hfb-mobile-header-display":"","site-post-title":"disabled","ast-breadcrumbs-content":"","ast-featured-img":"disabled","footer-sml-layout":"","ast-disable-related-posts":"","theme-transparent-header-meta":"enabled","adv-header-id-meta":"","stick-header-meta":"","header-above-stick-meta":"","header-main-stick-meta":"","header-below-stick-meta":"","astra-migrate-meta-layouts":"default","ast-page-background-enabled":"default","ast-page-background-meta":{"desktop":{"background-color":"var(--ast-global-color-4)","background-image":"","background-repeat":"repeat","background-position":"center center","background-size":"auto","background-attachment":"scroll","background-type":"","background-media":"","overlay-type":"","overlay-color":"","overlay-opacity":"","overlay-gradient":""},"tablet":{"background-color":"","background-image":"","background-repeat":"repeat","background-position":"center center","background-size":"auto","background-attachment":"scroll","background-type":"","background-media":"","overlay-type":"","overlay-color":"","overlay-opacity":"","overlay-gradient":""},"mobile":{"background-color":"","background-image":"","background-repeat":"repeat","background-position":"center center","background-size":"auto","background-attachment":"scroll","background-type":"","background-media":"","overlay-type":"","overlay-color":"","overlay-opacity":"","overlay-gradient":""}},"ast-content-background-meta":{"desktop":{"background-color":"var(--ast-global-color-5)","background-image":"","background-repeat":"repeat","background-position":"center center","background-size":"auto","background-attachment":"scroll","background-type":"","background-media":"","overlay-type":"","overlay-color":"","overlay-opacity":"","overlay-gradient":""},"tablet":{"background-color":"var(--ast-global-color-5)","background-image":"","background-repeat":"repeat","background-position":"center center","background-size":"auto","background-attachment":"scroll","background-type":"","background-media":"","overlay-type":"","overlay-color":"","overlay-opacity":"","overlay-gradient":""},"mobile":{"background-color":"var(--ast-global-color-5)","background-image":"","background-repeat":"repeat","background-position":"center center","background-size":"auto","background-attachment":"scroll","background-type":"","background-media":"","overlay-type":"","overlay-color":"","overlay-opacity":"","overlay-gradient":""}},"footnotes":""},"class_list":["post-2903","page","type-page","status-publish","hentry"],"yoast_head":"<!-- This site is optimized with the Yoast SEO Premium plugin v20.8 (Yoast SEO v27.4) - https:\/\/yoast.com\/product\/yoast-seo-premium-wordpress\/ -->\n<title>Mapas Historicos - Bahia - Quilombos<\/title>\n<meta name=\"robots\" content=\"index, follow, max-snippet:-1, max-image-preview:large, max-video-preview:-1\" \/>\n<link rel=\"canonical\" href=\"https:\/\/quilombos.historiatlantica.org\/?page_id=2903\" \/>\n<meta property=\"og:locale\" content=\"en_US\" \/>\n<meta property=\"og:type\" content=\"article\" \/>\n<meta property=\"og:title\" content=\"Mapas Historicos - Bahia\" \/>\n<meta property=\"og:description\" content=\"BAHIA 1. Buraco do Tatu (1763) BRASIL. Planta do Quilombo chamado o Buraco do Tatu para a Costa da Itapoam: que a 2 de Setembro de 1763 foi atacado pelo Capit\u00e3o-mor da Conquista do Gentio B\u00e1rbaro Joaquim da Costa Cardozo. [S.l.], 1763. Manuscrito aquarelado, desenho a nanquim, 36,8 x 47 cm. Arquivo Hist\u00f3rico Ultramarino, Bahia, [&hellip;]\" \/>\n<meta property=\"og:url\" content=\"https:\/\/quilombos.historiatlantica.org\/?page_id=2903\" \/>\n<meta property=\"og:site_name\" content=\"Quilombos\" \/>\n<meta property=\"article:modified_time\" content=\"2025-11-20T13:57:24+00:00\" \/>\n<meta name=\"twitter:card\" content=\"summary_large_image\" \/>\n<meta name=\"twitter:label1\" content=\"Est. reading time\" \/>\n\t<meta name=\"twitter:data1\" content=\"1 minute\" \/>\n<script type=\"application\/ld+json\" class=\"yoast-schema-graph\">{\"@context\":\"https:\\\/\\\/schema.org\",\"@graph\":[{\"@type\":\"WebPage\",\"@id\":\"https:\\\/\\\/quilombos.historiatlantica.org\\\/?page_id=2903\",\"url\":\"https:\\\/\\\/quilombos.historiatlantica.org\\\/?page_id=2903\",\"name\":\"Mapas Historicos - Bahia - Quilombos\",\"isPartOf\":{\"@id\":\"https:\\\/\\\/quilombos.historiatlantica.org\\\/#website\"},\"datePublished\":\"2025-11-20T12:15:30+00:00\",\"dateModified\":\"2025-11-20T13:57:24+00:00\",\"breadcrumb\":{\"@id\":\"https:\\\/\\\/quilombos.historiatlantica.org\\\/?page_id=2903#breadcrumb\"},\"inLanguage\":\"en-US\",\"potentialAction\":[{\"@type\":\"ReadAction\",\"target\":[\"https:\\\/\\\/quilombos.historiatlantica.org\\\/?page_id=2903\"]}]},{\"@type\":\"BreadcrumbList\",\"@id\":\"https:\\\/\\\/quilombos.historiatlantica.org\\\/?page_id=2903#breadcrumb\",\"itemListElement\":[{\"@type\":\"ListItem\",\"position\":1,\"name\":\"Home\",\"item\":\"https:\\\/\\\/quilombos.historiatlantica.org\\\/\"},{\"@type\":\"ListItem\",\"position\":2,\"name\":\"Mapas Historicos &#8211; Bahia\"}]},{\"@type\":\"WebSite\",\"@id\":\"https:\\\/\\\/quilombos.historiatlantica.org\\\/#website\",\"url\":\"https:\\\/\\\/quilombos.historiatlantica.org\\\/\",\"name\":\"Quilombos\",\"description\":\"\",\"publisher\":{\"@id\":\"https:\\\/\\\/quilombos.historiatlantica.org\\\/#organization\"},\"potentialAction\":[{\"@type\":\"SearchAction\",\"target\":{\"@type\":\"EntryPoint\",\"urlTemplate\":\"https:\\\/\\\/quilombos.historiatlantica.org\\\/?s={search_term_string}\"},\"query-input\":{\"@type\":\"PropertyValueSpecification\",\"valueRequired\":true,\"valueName\":\"search_term_string\"}}],\"inLanguage\":\"en-US\"},{\"@type\":\"Organization\",\"@id\":\"https:\\\/\\\/quilombos.historiatlantica.org\\\/#organization\",\"name\":\"Quilombos\",\"url\":\"https:\\\/\\\/quilombos.historiatlantica.org\\\/\",\"logo\":{\"@type\":\"ImageObject\",\"inLanguage\":\"en-US\",\"@id\":\"https:\\\/\\\/quilombos.historiatlantica.org\\\/#\\\/schema\\\/logo\\\/image\\\/\",\"url\":\"https:\\\/\\\/quilombos.historiatlantica.org\\\/wp-content\\\/uploads\\\/2025\\\/11\\\/cropped-Purple-Modern-Mind-Map-and-Process-Flow-Graph-scaled-1.png\",\"contentUrl\":\"https:\\\/\\\/quilombos.historiatlantica.org\\\/wp-content\\\/uploads\\\/2025\\\/11\\\/cropped-Purple-Modern-Mind-Map-and-Process-Flow-Graph-scaled-1.png\",\"width\":1732,\"height\":1799,\"caption\":\"Quilombos\"},\"image\":{\"@id\":\"https:\\\/\\\/quilombos.historiatlantica.org\\\/#\\\/schema\\\/logo\\\/image\\\/\"}}]}<\/script>\n<!-- \/ Yoast SEO Premium plugin. -->","yoast_head_json":{"title":"Mapas Historicos - Bahia - Quilombos","robots":{"index":"index","follow":"follow","max-snippet":"max-snippet:-1","max-image-preview":"max-image-preview:large","max-video-preview":"max-video-preview:-1"},"canonical":"https:\/\/quilombos.historiatlantica.org\/?page_id=2903","og_locale":"en_US","og_type":"article","og_title":"Mapas Historicos - Bahia","og_description":"BAHIA 1. Buraco do Tatu (1763) BRASIL. Planta do Quilombo chamado o Buraco do Tatu para a Costa da Itapoam: que a 2 de Setembro de 1763 foi atacado pelo Capit\u00e3o-mor da Conquista do Gentio B\u00e1rbaro Joaquim da Costa Cardozo. [S.l.], 1763. Manuscrito aquarelado, desenho a nanquim, 36,8 x 47 cm. Arquivo Hist\u00f3rico Ultramarino, Bahia, [&hellip;]","og_url":"https:\/\/quilombos.historiatlantica.org\/?page_id=2903","og_site_name":"Quilombos","article_modified_time":"2025-11-20T13:57:24+00:00","twitter_card":"summary_large_image","twitter_misc":{"Est. reading time":"1 minute"},"schema":{"@context":"https:\/\/schema.org","@graph":[{"@type":"WebPage","@id":"https:\/\/quilombos.historiatlantica.org\/?page_id=2903","url":"https:\/\/quilombos.historiatlantica.org\/?page_id=2903","name":"Mapas Historicos - Bahia - Quilombos","isPartOf":{"@id":"https:\/\/quilombos.historiatlantica.org\/#website"},"datePublished":"2025-11-20T12:15:30+00:00","dateModified":"2025-11-20T13:57:24+00:00","breadcrumb":{"@id":"https:\/\/quilombos.historiatlantica.org\/?page_id=2903#breadcrumb"},"inLanguage":"en-US","potentialAction":[{"@type":"ReadAction","target":["https:\/\/quilombos.historiatlantica.org\/?page_id=2903"]}]},{"@type":"BreadcrumbList","@id":"https:\/\/quilombos.historiatlantica.org\/?page_id=2903#breadcrumb","itemListElement":[{"@type":"ListItem","position":1,"name":"Home","item":"https:\/\/quilombos.historiatlantica.org\/"},{"@type":"ListItem","position":2,"name":"Mapas Historicos &#8211; Bahia"}]},{"@type":"WebSite","@id":"https:\/\/quilombos.historiatlantica.org\/#website","url":"https:\/\/quilombos.historiatlantica.org\/","name":"Quilombos","description":"","publisher":{"@id":"https:\/\/quilombos.historiatlantica.org\/#organization"},"potentialAction":[{"@type":"SearchAction","target":{"@type":"EntryPoint","urlTemplate":"https:\/\/quilombos.historiatlantica.org\/?s={search_term_string}"},"query-input":{"@type":"PropertyValueSpecification","valueRequired":true,"valueName":"search_term_string"}}],"inLanguage":"en-US"},{"@type":"Organization","@id":"https:\/\/quilombos.historiatlantica.org\/#organization","name":"Quilombos","url":"https:\/\/quilombos.historiatlantica.org\/","logo":{"@type":"ImageObject","inLanguage":"en-US","@id":"https:\/\/quilombos.historiatlantica.org\/#\/schema\/logo\/image\/","url":"https:\/\/quilombos.historiatlantica.org\/wp-content\/uploads\/2025\/11\/cropped-Purple-Modern-Mind-Map-and-Process-Flow-Graph-scaled-1.png","contentUrl":"https:\/\/quilombos.historiatlantica.org\/wp-content\/uploads\/2025\/11\/cropped-Purple-Modern-Mind-Map-and-Process-Flow-Graph-scaled-1.png","width":1732,"height":1799,"caption":"Quilombos"},"image":{"@id":"https:\/\/quilombos.historiatlantica.org\/#\/schema\/logo\/image\/"}}]}},"_hostinger_reach_plugin_has_subscription_block":false,"_hostinger_reach_plugin_is_elementor":false,"_links":{"self":[{"href":"https:\/\/quilombos.historiatlantica.org\/index.php?rest_route=\/wp\/v2\/pages\/2903","targetHints":{"allow":["GET"]}}],"collection":[{"href":"https:\/\/quilombos.historiatlantica.org\/index.php?rest_route=\/wp\/v2\/pages"}],"about":[{"href":"https:\/\/quilombos.historiatlantica.org\/index.php?rest_route=\/wp\/v2\/types\/page"}],"author":[{"embeddable":true,"href":"https:\/\/quilombos.historiatlantica.org\/index.php?rest_route=\/wp\/v2\/users\/1"}],"replies":[{"embeddable":true,"href":"https:\/\/quilombos.historiatlantica.org\/index.php?rest_route=%2Fwp%2Fv2%2Fcomments&post=2903"}],"version-history":[{"count":10,"href":"https:\/\/quilombos.historiatlantica.org\/index.php?rest_route=\/wp\/v2\/pages\/2903\/revisions"}],"predecessor-version":[{"id":3034,"href":"https:\/\/quilombos.historiatlantica.org\/index.php?rest_route=\/wp\/v2\/pages\/2903\/revisions\/3034"}],"wp:attachment":[{"href":"https:\/\/quilombos.historiatlantica.org\/index.php?rest_route=%2Fwp%2Fv2%2Fmedia&parent=2903"}],"curies":[{"name":"wp","href":"https:\/\/api.w.org\/{rel}","templated":true}]}}