{"id":14,"date":"2025-11-14T15:30:30","date_gmt":"2025-11-14T15:30:30","guid":{"rendered":"https:\/\/quilombos.historiatlantica.org\/about\/"},"modified":"2025-11-19T21:43:55","modified_gmt":"2025-11-19T21:43:55","slug":"sobre","status":"publish","type":"page","link":"https:\/\/quilombos.historiatlantica.org\/?page_id=14","title":{"rendered":"Sobre"},"content":{"rendered":"\t\t<div data-elementor-type=\"wp-page\" data-elementor-id=\"14\" class=\"elementor elementor-14\" data-elementor-post-type=\"page\">\n\t\t\t\t<div data-particle_enable=\"false\" data-particle-mobile-disabled=\"false\" class=\"elementor-element elementor-element-dcfb448 e-con-full e-flex e-con e-parent\" data-id=\"dcfb448\" data-element_type=\"container\" data-e-type=\"container\" data-settings=\"{&quot;background_background&quot;:&quot;classic&quot;}\">\n\t\t<div data-particle_enable=\"false\" data-particle-mobile-disabled=\"false\" class=\"elementor-element elementor-element-d21b7e0 e-flex e-con-boxed e-con e-child\" data-id=\"d21b7e0\" data-element_type=\"container\" data-e-type=\"container\">\n\t\t\t\t\t<div class=\"e-con-inner\">\n\t\t\t\t<div class=\"elementor-element elementor-element-a1996c4 elementor-widget elementor-widget-heading\" data-id=\"a1996c4\" data-element_type=\"widget\" data-e-type=\"widget\" data-widget_type=\"heading.default\">\n\t\t\t\t<div class=\"elementor-widget-container\">\n\t\t\t\t\t<h2 class=\"elementor-heading-title elementor-size-default\">Sobre o projeto\n<\/h2>\t\t\t\t<\/div>\n\t\t\t\t<\/div>\n\t\t\t\t\t<\/div>\n\t\t\t\t<\/div>\n\t\t\t\t<\/div>\n\t\t<div data-particle_enable=\"false\" data-particle-mobile-disabled=\"false\" class=\"elementor-element elementor-element-dc97f8f e-flex e-con-boxed e-con e-parent\" data-id=\"dc97f8f\" data-element_type=\"container\" data-e-type=\"container\">\n\t\t\t\t\t<div class=\"e-con-inner\">\n\t\t\t\t<div class=\"elementor-element elementor-element-2b05b89 elementor-widget elementor-widget-text-editor\" data-id=\"2b05b89\" data-element_type=\"widget\" data-e-type=\"widget\" data-widget_type=\"text-editor.default\">\n\t\t\t\t<div class=\"elementor-widget-container\">\n\t\t\t\t\t\t\t\t\t<p data-start=\"152\" data-end=\"556\"><strong data-start=\"152\" data-end=\"213\">Quilombos no Brasil Escravista: uma hist\u00f3ria documental<\/strong>&nbsp;\u00e9 um projeto de pesquisa financiado pelo CNPq (edital 040\/2022), sob a coordena\u00e7\u00e3o do pesquisador Fl\u00e1vio dos Santos Gomes. O projeto est\u00e1 sediado na Universidade Federal do Rio de Janeiro (UFRJ) e conta com uma equipe de pesquisadores dedicada a investigar e difundir a hist\u00f3ria das comunidades formadas por fugitivos da escravid\u00e3o no Brasil.<\/p>\n<p data-start=\"558\" data-end=\"1033\">O projeto busca oferecer uma nova hist\u00f3ria da resist\u00eancia \u00e0 escravid\u00e3o, a partir de uma perspectiva documental e plural. A ideia de que os quilombos eram comunidades isoladas, meros focos de rebeldia reativa e marginalizados da sociedade colonial, mais do que refletir a complexidade do processo hist\u00f3rico, \u00e9 produto de uma vis\u00e3o historiogr\u00e1fica que, por muito tempo, subestimou a capacidade de ag\u00eancia e as complexas redes de intera\u00e7\u00e3o social constru\u00eddas pelos escravizados.<\/p>\n<p data-start=\"1035\" data-end=\"1656\">Pesquisas recentes, no entanto, t\u00eam demonstrado que essa premissa precisa ser revista. Longe de serem mundos apartados, os quilombos interagiam ativamente com a sociedade ao seu redor. Desenvolviam economias camponesas, estabeleciam trocas comerciais com taverneiros, pequenos lavradores e at\u00e9 mesmo com escravos de engenhos pr\u00f3ximos, afetando e modificando a sociedade envolvente. Em suma, n\u00e3o havia uma forma \u00fanica de \u201caquilombamento\u201d, mas uma diversidade de experi\u00eancias que iam desde grandes comunidades aut\u00f4nomas at\u00e9 pequenos grupos tempor\u00e1rios que negociavam seu retorno ao cativeiro em troca de melhores condi\u00e7\u00f5es.<\/p>\t\t\t\t\t\t\t\t<\/div>\n\t\t\t\t<\/div>\n\t\t\t\t\t<\/div>\n\t\t\t\t<\/div>\n\t\t<div data-particle_enable=\"false\" data-particle-mobile-disabled=\"false\" class=\"elementor-element elementor-element-6cf2b77 e-flex e-con-boxed e-con e-parent\" data-id=\"6cf2b77\" data-element_type=\"container\" data-e-type=\"container\">\n\t\t\t\t\t<div class=\"e-con-inner\">\n\t\t\t\t<div class=\"elementor-element elementor-element-bfb08ba elementor-widget elementor-widget-image\" data-id=\"bfb08ba\" data-element_type=\"widget\" data-e-type=\"widget\" data-widget_type=\"image.default\">\n\t\t\t\t<div class=\"elementor-widget-container\">\n\t\t\t\t\t\t\t\t\t\t\t\t<figure class=\"wp-caption\">\n\t\t\t\t\t\t\t\t\t\t<img fetchpriority=\"high\" decoding=\"async\" width=\"1024\" height=\"668\" src=\"https:\/\/quilombos.historiatlantica.org\/wp-content\/uploads\/2025\/11\/Mapa-Ilha-Bela-Recorte-Quilombo-1024x668.jpg\" class=\"attachment-large size-large wp-image-2240\" alt=\"\" srcset=\"https:\/\/quilombos.historiatlantica.org\/wp-content\/uploads\/2025\/11\/Mapa-Ilha-Bela-Recorte-Quilombo-1024x668.jpg 1024w, https:\/\/quilombos.historiatlantica.org\/wp-content\/uploads\/2025\/11\/Mapa-Ilha-Bela-Recorte-Quilombo-300x196.jpg 300w, https:\/\/quilombos.historiatlantica.org\/wp-content\/uploads\/2025\/11\/Mapa-Ilha-Bela-Recorte-Quilombo-768x501.jpg 768w, https:\/\/quilombos.historiatlantica.org\/wp-content\/uploads\/2025\/11\/Mapa-Ilha-Bela-Recorte-Quilombo-1536x1003.jpg 1536w, https:\/\/quilombos.historiatlantica.org\/wp-content\/uploads\/2025\/11\/Mapa-Ilha-Bela-Recorte-Quilombo.jpg 1958w\" sizes=\"(max-width: 1024px) 100vw, 1024px\" \/>\t\t\t\t\t\t\t\t\t\t\t<figcaption class=\"widget-image-caption wp-caption-text\">Mapa de 1820, \"Quilombo\" em Ilha Bela<\/figcaption>\n\t\t\t\t\t\t\t\t\t\t<\/figure>\n\t\t\t\t\t\t\t\t\t<\/div>\n\t\t\t\t<\/div>\n\t\t\t\t<div class=\"elementor-element elementor-element-ef92eb9 elementor-widget elementor-widget-text-editor\" data-id=\"ef92eb9\" data-element_type=\"widget\" data-e-type=\"widget\" data-widget_type=\"text-editor.default\">\n\t\t\t\t<div class=\"elementor-widget-container\">\n\t\t\t\t\t\t\t\t\t<p>Com esse horizonte em mente, busca-se reformular a quest\u00e3o da resist\u00eancia escrava no Brasil, reconstruindo indutivamente \u2014 por meio de fontes prim\u00e1rias \u2014 as diversas formas de organiza\u00e7\u00e3o social, econ\u00f4mica e pol\u00edtica dos quilombos. Se a narrativa tradicional do isolamento n\u00e3o oferece um relato preciso, devemos olhar para os documentos e fazer algumas perguntas b\u00e1sicas: Como os fugitivos organizavam suas vidas e comunidades? Como estabeleciam alian\u00e7as e redes de prote\u00e7\u00e3o? Como suas atividades econ\u00f4micas se integravam aos mercados locais? Como as autoridades coloniais descreviam e tentavam reprimir esses espa\u00e7os de liberdade? Que normas regiam essas comunidades?<\/p>\t\t\t\t\t\t\t\t<\/div>\n\t\t\t\t<\/div>\n\t\t\t\t<div class=\"elementor-element elementor-element-f9a460a elementor-widget elementor-widget-spacer\" data-id=\"f9a460a\" data-element_type=\"widget\" data-e-type=\"widget\" data-widget_type=\"spacer.default\">\n\t\t\t\t<div class=\"elementor-widget-container\">\n\t\t\t\t\t\t\t<div class=\"elementor-spacer\">\n\t\t\t<div class=\"elementor-spacer-inner\"><\/div>\n\t\t<\/div>\n\t\t\t\t\t\t<\/div>\n\t\t\t\t<\/div>\n\t\t\t\t\t<\/div>\n\t\t\t\t<\/div>\n\t\t\t\t<\/div>\n\t\t\n    <div class=\"xs_social_share_widget xs_share_url after_content \t\tmain_content  wslu-style-1 wslu-share-box-shaped wslu-fill-colored wslu-none wslu-share-horizontal wslu-theme-font-no wslu-main_content\">\n\n\t\t\n        <ul>\n\t\t\t        <\/ul>\n    <\/div> \n","protected":false},"excerpt":{"rendered":"<p>Sobre o projeto Quilombos no Brasil Escravista: uma hist\u00f3ria documental&nbsp;\u00e9 um projeto de pesquisa financiado pelo CNPq (edital 040\/2022), sob a coordena\u00e7\u00e3o do pesquisador Fl\u00e1vio dos Santos Gomes. O projeto est\u00e1 sediado na Universidade Federal do Rio de Janeiro (UFRJ) e conta com uma equipe de pesquisadores dedicada a investigar e difundir a hist\u00f3ria das [&hellip;]<\/p>\n","protected":false},"author":1,"featured_media":0,"parent":0,"menu_order":0,"comment_status":"closed","ping_status":"closed","template":"","meta":{"postBodyCss":"","postBodyMargin":[],"postBodyPadding":[],"postBodyBackground":{"backgroundType":"classic","gradient":""},"site-sidebar-layout":"no-sidebar","site-content-layout":"page-builder","ast-site-content-layout":"default","site-content-style":"default","site-sidebar-style":"default","ast-global-header-display":"","ast-banner-title-visibility":"","ast-main-header-display":"","ast-hfb-above-header-display":"","ast-hfb-below-header-display":"","ast-hfb-mobile-header-display":"","site-post-title":"disabled","ast-breadcrumbs-content":"","ast-featured-img":"disabled","footer-sml-layout":"","ast-disable-related-posts":"","theme-transparent-header-meta":"enabled","adv-header-id-meta":"","stick-header-meta":"","header-above-stick-meta":"","header-main-stick-meta":"","header-below-stick-meta":"","astra-migrate-meta-layouts":"default","ast-page-background-enabled":"default","ast-page-background-meta":{"desktop":{"background-color":"var(--ast-global-color-4)","background-image":"","background-repeat":"repeat","background-position":"center center","background-size":"auto","background-attachment":"scroll","background-type":"","background-media":"","overlay-type":"","overlay-color":"","overlay-opacity":"","overlay-gradient":""},"tablet":{"background-color":"","background-image":"","background-repeat":"repeat","background-position":"center center","background-size":"auto","background-attachment":"scroll","background-type":"","background-media":"","overlay-type":"","overlay-color":"","overlay-opacity":"","overlay-gradient":""},"mobile":{"background-color":"","background-image":"","background-repeat":"repeat","background-position":"center center","background-size":"auto","background-attachment":"scroll","background-type":"","background-media":"","overlay-type":"","overlay-color":"","overlay-opacity":"","overlay-gradient":""}},"ast-content-background-meta":{"desktop":{"background-color":"var(--ast-global-color-5)","background-image":"","background-repeat":"repeat","background-position":"center center","background-size":"auto","background-attachment":"scroll","background-type":"","background-media":"","overlay-type":"","overlay-color":"","overlay-opacity":"","overlay-gradient":""},"tablet":{"background-color":"var(--ast-global-color-5)","background-image":"","background-repeat":"repeat","background-position":"center center","background-size":"auto","background-attachment":"scroll","background-type":"","background-media":"","overlay-type":"","overlay-color":"","overlay-opacity":"","overlay-gradient":""},"mobile":{"background-color":"var(--ast-global-color-5)","background-image":"","background-repeat":"repeat","background-position":"center center","background-size":"auto","background-attachment":"scroll","background-type":"","background-media":"","overlay-type":"","overlay-color":"","overlay-opacity":"","overlay-gradient":""}},"footnotes":""},"class_list":["post-14","page","type-page","status-publish","hentry"],"yoast_head":"<!-- This site is optimized with the Yoast SEO Premium plugin v20.8 (Yoast SEO v27.4) - https:\/\/yoast.com\/product\/yoast-seo-premium-wordpress\/ -->\n<title>Sobre - Quilombos<\/title>\n<meta name=\"robots\" content=\"index, follow, max-snippet:-1, max-image-preview:large, max-video-preview:-1\" \/>\n<link rel=\"canonical\" href=\"https:\/\/quilombos.historiatlantica.org\/?page_id=14\" \/>\n<meta property=\"og:locale\" content=\"en_US\" \/>\n<meta property=\"og:type\" content=\"article\" \/>\n<meta property=\"og:title\" content=\"Sobre\" \/>\n<meta property=\"og:description\" content=\"Sobre o projeto Quilombos no Brasil Escravista: uma hist\u00f3ria documental&nbsp;\u00e9 um projeto de pesquisa financiado pelo CNPq (edital 040\/2022), sob a coordena\u00e7\u00e3o do pesquisador Fl\u00e1vio dos Santos Gomes. O projeto est\u00e1 sediado na Universidade Federal do Rio de Janeiro (UFRJ) e conta com uma equipe de pesquisadores dedicada a investigar e difundir a hist\u00f3ria das [&hellip;]\" \/>\n<meta property=\"og:url\" content=\"https:\/\/quilombos.historiatlantica.org\/?page_id=14\" \/>\n<meta property=\"og:site_name\" content=\"Quilombos\" \/>\n<meta property=\"article:modified_time\" content=\"2025-11-19T21:43:55+00:00\" \/>\n<meta property=\"og:image\" content=\"https:\/\/quilombos.historiatlantica.org\/wp-content\/uploads\/2025\/11\/Mapa-Ilha-Bela-Recorte-Quilombo.jpg\" \/>\n\t<meta property=\"og:image:width\" content=\"1958\" \/>\n\t<meta property=\"og:image:height\" content=\"1278\" \/>\n\t<meta property=\"og:image:type\" content=\"image\/jpeg\" \/>\n<meta name=\"twitter:card\" content=\"summary_large_image\" \/>\n<meta name=\"twitter:label1\" content=\"Est. reading time\" \/>\n\t<meta name=\"twitter:data1\" content=\"2 minutes\" \/>\n<script type=\"application\/ld+json\" class=\"yoast-schema-graph\">{\"@context\":\"https:\\\/\\\/schema.org\",\"@graph\":[{\"@type\":\"WebPage\",\"@id\":\"https:\\\/\\\/quilombos.historiatlantica.org\\\/?page_id=14\",\"url\":\"https:\\\/\\\/quilombos.historiatlantica.org\\\/?page_id=14\",\"name\":\"Sobre - Quilombos\",\"isPartOf\":{\"@id\":\"https:\\\/\\\/quilombos.historiatlantica.org\\\/#website\"},\"primaryImageOfPage\":{\"@id\":\"https:\\\/\\\/quilombos.historiatlantica.org\\\/?page_id=14#primaryimage\"},\"image\":{\"@id\":\"https:\\\/\\\/quilombos.historiatlantica.org\\\/?page_id=14#primaryimage\"},\"thumbnailUrl\":\"https:\\\/\\\/quilombos.historiatlantica.org\\\/wp-content\\\/uploads\\\/2025\\\/11\\\/Mapa-Ilha-Bela-Recorte-Quilombo-1024x668.jpg\",\"datePublished\":\"2025-11-14T15:30:30+00:00\",\"dateModified\":\"2025-11-19T21:43:55+00:00\",\"breadcrumb\":{\"@id\":\"https:\\\/\\\/quilombos.historiatlantica.org\\\/?page_id=14#breadcrumb\"},\"inLanguage\":\"en-US\",\"potentialAction\":[{\"@type\":\"ReadAction\",\"target\":[\"https:\\\/\\\/quilombos.historiatlantica.org\\\/?page_id=14\"]}]},{\"@type\":\"ImageObject\",\"inLanguage\":\"en-US\",\"@id\":\"https:\\\/\\\/quilombos.historiatlantica.org\\\/?page_id=14#primaryimage\",\"url\":\"https:\\\/\\\/quilombos.historiatlantica.org\\\/wp-content\\\/uploads\\\/2025\\\/11\\\/Mapa-Ilha-Bela-Recorte-Quilombo.jpg\",\"contentUrl\":\"https:\\\/\\\/quilombos.historiatlantica.org\\\/wp-content\\\/uploads\\\/2025\\\/11\\\/Mapa-Ilha-Bela-Recorte-Quilombo.jpg\",\"width\":1958,\"height\":1278,\"caption\":\"Print\"},{\"@type\":\"BreadcrumbList\",\"@id\":\"https:\\\/\\\/quilombos.historiatlantica.org\\\/?page_id=14#breadcrumb\",\"itemListElement\":[{\"@type\":\"ListItem\",\"position\":1,\"name\":\"Home\",\"item\":\"https:\\\/\\\/quilombos.historiatlantica.org\\\/\"},{\"@type\":\"ListItem\",\"position\":2,\"name\":\"Sobre\"}]},{\"@type\":\"WebSite\",\"@id\":\"https:\\\/\\\/quilombos.historiatlantica.org\\\/#website\",\"url\":\"https:\\\/\\\/quilombos.historiatlantica.org\\\/\",\"name\":\"Quilombos\",\"description\":\"\",\"publisher\":{\"@id\":\"https:\\\/\\\/quilombos.historiatlantica.org\\\/#organization\"},\"potentialAction\":[{\"@type\":\"SearchAction\",\"target\":{\"@type\":\"EntryPoint\",\"urlTemplate\":\"https:\\\/\\\/quilombos.historiatlantica.org\\\/?s={search_term_string}\"},\"query-input\":{\"@type\":\"PropertyValueSpecification\",\"valueRequired\":true,\"valueName\":\"search_term_string\"}}],\"inLanguage\":\"en-US\"},{\"@type\":\"Organization\",\"@id\":\"https:\\\/\\\/quilombos.historiatlantica.org\\\/#organization\",\"name\":\"Quilombos\",\"url\":\"https:\\\/\\\/quilombos.historiatlantica.org\\\/\",\"logo\":{\"@type\":\"ImageObject\",\"inLanguage\":\"en-US\",\"@id\":\"https:\\\/\\\/quilombos.historiatlantica.org\\\/#\\\/schema\\\/logo\\\/image\\\/\",\"url\":\"https:\\\/\\\/quilombos.historiatlantica.org\\\/wp-content\\\/uploads\\\/2025\\\/11\\\/cropped-Purple-Modern-Mind-Map-and-Process-Flow-Graph-scaled-1.png\",\"contentUrl\":\"https:\\\/\\\/quilombos.historiatlantica.org\\\/wp-content\\\/uploads\\\/2025\\\/11\\\/cropped-Purple-Modern-Mind-Map-and-Process-Flow-Graph-scaled-1.png\",\"width\":1732,\"height\":1799,\"caption\":\"Quilombos\"},\"image\":{\"@id\":\"https:\\\/\\\/quilombos.historiatlantica.org\\\/#\\\/schema\\\/logo\\\/image\\\/\"}}]}<\/script>\n<!-- \/ Yoast SEO Premium plugin. -->","yoast_head_json":{"title":"Sobre - Quilombos","robots":{"index":"index","follow":"follow","max-snippet":"max-snippet:-1","max-image-preview":"max-image-preview:large","max-video-preview":"max-video-preview:-1"},"canonical":"https:\/\/quilombos.historiatlantica.org\/?page_id=14","og_locale":"en_US","og_type":"article","og_title":"Sobre","og_description":"Sobre o projeto Quilombos no Brasil Escravista: uma hist\u00f3ria documental&nbsp;\u00e9 um projeto de pesquisa financiado pelo CNPq (edital 040\/2022), sob a coordena\u00e7\u00e3o do pesquisador Fl\u00e1vio dos Santos Gomes. O projeto est\u00e1 sediado na Universidade Federal do Rio de Janeiro (UFRJ) e conta com uma equipe de pesquisadores dedicada a investigar e difundir a hist\u00f3ria das [&hellip;]","og_url":"https:\/\/quilombos.historiatlantica.org\/?page_id=14","og_site_name":"Quilombos","article_modified_time":"2025-11-19T21:43:55+00:00","og_image":[{"width":1958,"height":1278,"url":"https:\/\/quilombos.historiatlantica.org\/wp-content\/uploads\/2025\/11\/Mapa-Ilha-Bela-Recorte-Quilombo.jpg","type":"image\/jpeg"}],"twitter_card":"summary_large_image","twitter_misc":{"Est. reading time":"2 minutes"},"schema":{"@context":"https:\/\/schema.org","@graph":[{"@type":"WebPage","@id":"https:\/\/quilombos.historiatlantica.org\/?page_id=14","url":"https:\/\/quilombos.historiatlantica.org\/?page_id=14","name":"Sobre - Quilombos","isPartOf":{"@id":"https:\/\/quilombos.historiatlantica.org\/#website"},"primaryImageOfPage":{"@id":"https:\/\/quilombos.historiatlantica.org\/?page_id=14#primaryimage"},"image":{"@id":"https:\/\/quilombos.historiatlantica.org\/?page_id=14#primaryimage"},"thumbnailUrl":"https:\/\/quilombos.historiatlantica.org\/wp-content\/uploads\/2025\/11\/Mapa-Ilha-Bela-Recorte-Quilombo-1024x668.jpg","datePublished":"2025-11-14T15:30:30+00:00","dateModified":"2025-11-19T21:43:55+00:00","breadcrumb":{"@id":"https:\/\/quilombos.historiatlantica.org\/?page_id=14#breadcrumb"},"inLanguage":"en-US","potentialAction":[{"@type":"ReadAction","target":["https:\/\/quilombos.historiatlantica.org\/?page_id=14"]}]},{"@type":"ImageObject","inLanguage":"en-US","@id":"https:\/\/quilombos.historiatlantica.org\/?page_id=14#primaryimage","url":"https:\/\/quilombos.historiatlantica.org\/wp-content\/uploads\/2025\/11\/Mapa-Ilha-Bela-Recorte-Quilombo.jpg","contentUrl":"https:\/\/quilombos.historiatlantica.org\/wp-content\/uploads\/2025\/11\/Mapa-Ilha-Bela-Recorte-Quilombo.jpg","width":1958,"height":1278,"caption":"Print"},{"@type":"BreadcrumbList","@id":"https:\/\/quilombos.historiatlantica.org\/?page_id=14#breadcrumb","itemListElement":[{"@type":"ListItem","position":1,"name":"Home","item":"https:\/\/quilombos.historiatlantica.org\/"},{"@type":"ListItem","position":2,"name":"Sobre"}]},{"@type":"WebSite","@id":"https:\/\/quilombos.historiatlantica.org\/#website","url":"https:\/\/quilombos.historiatlantica.org\/","name":"Quilombos","description":"","publisher":{"@id":"https:\/\/quilombos.historiatlantica.org\/#organization"},"potentialAction":[{"@type":"SearchAction","target":{"@type":"EntryPoint","urlTemplate":"https:\/\/quilombos.historiatlantica.org\/?s={search_term_string}"},"query-input":{"@type":"PropertyValueSpecification","valueRequired":true,"valueName":"search_term_string"}}],"inLanguage":"en-US"},{"@type":"Organization","@id":"https:\/\/quilombos.historiatlantica.org\/#organization","name":"Quilombos","url":"https:\/\/quilombos.historiatlantica.org\/","logo":{"@type":"ImageObject","inLanguage":"en-US","@id":"https:\/\/quilombos.historiatlantica.org\/#\/schema\/logo\/image\/","url":"https:\/\/quilombos.historiatlantica.org\/wp-content\/uploads\/2025\/11\/cropped-Purple-Modern-Mind-Map-and-Process-Flow-Graph-scaled-1.png","contentUrl":"https:\/\/quilombos.historiatlantica.org\/wp-content\/uploads\/2025\/11\/cropped-Purple-Modern-Mind-Map-and-Process-Flow-Graph-scaled-1.png","width":1732,"height":1799,"caption":"Quilombos"},"image":{"@id":"https:\/\/quilombos.historiatlantica.org\/#\/schema\/logo\/image\/"}}]}},"_hostinger_reach_plugin_has_subscription_block":false,"_hostinger_reach_plugin_is_elementor":false,"_links":{"self":[{"href":"https:\/\/quilombos.historiatlantica.org\/index.php?rest_route=\/wp\/v2\/pages\/14","targetHints":{"allow":["GET"]}}],"collection":[{"href":"https:\/\/quilombos.historiatlantica.org\/index.php?rest_route=\/wp\/v2\/pages"}],"about":[{"href":"https:\/\/quilombos.historiatlantica.org\/index.php?rest_route=\/wp\/v2\/types\/page"}],"author":[{"embeddable":true,"href":"https:\/\/quilombos.historiatlantica.org\/index.php?rest_route=\/wp\/v2\/users\/1"}],"replies":[{"embeddable":true,"href":"https:\/\/quilombos.historiatlantica.org\/index.php?rest_route=%2Fwp%2Fv2%2Fcomments&post=14"}],"version-history":[{"count":49,"href":"https:\/\/quilombos.historiatlantica.org\/index.php?rest_route=\/wp\/v2\/pages\/14\/revisions"}],"predecessor-version":[{"id":2795,"href":"https:\/\/quilombos.historiatlantica.org\/index.php?rest_route=\/wp\/v2\/pages\/14\/revisions\/2795"}],"wp:attachment":[{"href":"https:\/\/quilombos.historiatlantica.org\/index.php?rest_route=%2Fwp%2Fv2%2Fmedia&parent=14"}],"curies":[{"name":"wp","href":"https:\/\/api.w.org\/{rel}","templated":true}]}}